{"id":8651,"date":"2024-11-05T14:11:38","date_gmt":"2024-11-05T19:11:38","guid":{"rendered":"https:\/\/www.microxol.com\/?post_type=product&#038;p=8651"},"modified":"2024-11-05T14:11:38","modified_gmt":"2024-11-05T19:11:38","slug":"computador-pc-lenovo-corporativothinkcentre-neo-50s-gen4-sff-intel-core-i7-13700","status":"publish","type":"product","link":"https:\/\/www.microxol.com\/?product=computador-pc-lenovo-corporativothinkcentre-neo-50s-gen4-sff-intel-core-i7-13700","title":{"rendered":"COMPUTADOR PC LENOVO CORPORATIVOTHINKCENTRE NEO 50s GEN4 SFF INTEL CORE I7 13700"},"content":{"rendered":"<p>PC LENOVO ThinkCentre Neo 50s Gen 4 SFF, Intel Core I7 13700, SSD 512GB, DDR4 16GB, DVD RW, Monitor 21.45&#8243; L22E-20, Windows 11 Pro (gtia 36 meses)(iva inc) $ 4.549.000<\/p>\n<p>&nbsp;<\/p>\n<h1 class=\"product_name\">Lenovo ThinkCentre neo 50s Gen 4 Core i7 13700 16gb 512Gb Monitor 24&#8243; Win11P 12JF009HLS 3 a\u00f1os<\/h1>\n<p>CPU Lenovo ThinkCentre Neo 50s Gen4 Exeter 1.0 Corei7 13700 16GB 512GB SSD W11P Negro. N\/P: 12JF009HLS. ThinkCentre Neo 50s Gen 4 Exeter 1.0 | Procesador Intel Core i7-13700 (16 Core [ 8 P-Core + 8 E-Core] &#8211; 24 Hilos) P-core 2.1GHz \/ E-core 1.5GHz &#8211;\u00a0 P-core 5.1GHz \/ E-core 4.1GHz, 30 MB Cache, Vpro NO | RAM 16 GB DDR4 3200, Crece hasta Up to 64GB DDR4-3200 | Disco Duro 512 GB SSD M.2 2280 | Ampliacion RAM&amp;DD Confirmar en PSREF* | Chipset Intel B660 |\u00a0 | Tarjeta de Video\u00a0 Intel UHD Graphics 770\u00a0 \u00a0| Audio Single speaker, 1W x1 | Unidad \u00d3ptica Slim DVD Writer 9.0MM | Puertos Frontales: 1x USB-C 3.2 Gen 1 (support data transfer and 5V@3A charging),2x USB 3.2 Gen 1,1x headphone \/ microphone combo jack (3.5mm),1x microphone (3.5mm) | , Puertos Posteriores: 2x USB 2.0,2x USB 3.2 Gen 1 (one supports Smart Power On),1x HDMI 2.1 TMDS,1x DisplayPort\u2122 1.4,1x VGA,1x line-out (3.5mm) | , Ethernet (RJ-45) Si Gigabit Ethernet |\u00a0 | Conexi\u00f3n NO | Ranura Guaya SI | Adaptador 260W 90% | Color Negro |\u00a0 | Peso 4.5 KG | Teclado y Mouse USB Negro | Certificaciones ENERGY STAR 8.0,EPEAT Gold Registered,ErP Lot 3,RoHS compliant,TCO Certified,T\u00dcV Rheinland Ultra Low Noise | Sistema Operativo Windows 11 Pro | Garantia 3 A\u00f1os Onsite. Garantia 36 meses directamente de Lenovo en centros de servicio autorizados a nivel nacional.<\/p>\n","protected":false},"excerpt":{"rendered":"<div class=\"headlines\">Peque\u00f1o y potente<\/div>\n<div class=\"description\">El ThinkCentre Neo 50s de 4.\u00aa generaci\u00f3n en formato peque\u00f1o dispone de mucho poder en un PC empresarial compacto. Con procesadores Intel\u00ae Core\u2122 de hasta 13.\u00aa generaci\u00f3n, memoria DDR4 r\u00e1pida y una gran cantidad de almacenamiento HDD y\/o SSD, este sistema de sobremesa en formato peque\u00f1o es capaz de afrontar cualquier tarea para mejorar tu productividad. Y si quieres obtener im\u00e1genes \u00f3ptimas, dispones de una opci\u00f3n integrada.<\/div>\n<div>\n<h5><span>Accesibilidad mejorada con mejor rendimiento.<\/span><\/h5>\n<p><span>Para una mayor accesibilidad, la computadora de escritorio permite a los profesionales acceder a hasta tres pantallas independientes a trav\u00e9s de puertos HDMI, DisplayPort y VGA; Adem\u00e1s, conectar unidades USB, cables adicionales o comprobar una conexi\u00f3n es mucho menos tedioso.<\/span><\/p>\n<h5><span>Mejor ergonom\u00eda con funciones de seguridad inteligentes<\/span><\/h5>\n<p><span>El chipset TPM 2.0 discreto, la ranura de seguridad Kensington, el bucle para candado y la seguridad del BIOS evitan el acceso no autorizado al interior del sistema.<\/span><\/p>\n<\/div>\n","protected":false},"featured_media":8652,"comment_status":"closed","ping_status":"closed","template":"","meta":{"kt_blocks_editor_width":""},"product_brand":[],"product_cat":[8,169],"product_tag":[],"class_list":{"0":"post-8651","1":"product","2":"type-product","3":"status-publish","4":"has-post-thumbnail","6":"product_cat-computadores-de-escritorio","7":"product_cat-lenovo-computadores-de-escritorio-2","9":"first","10":"instock","11":"shipping-taxable","12":"purchasable","13":"product-type-simple"},"_links":{"self":[{"href":"https:\/\/www.microxol.com\/index.php?rest_route=\/wp\/v2\/product\/8651","targetHints":{"allow":["GET"]}}],"collection":[{"href":"https:\/\/www.microxol.com\/index.php?rest_route=\/wp\/v2\/product"}],"about":[{"href":"https:\/\/www.microxol.com\/index.php?rest_route=\/wp\/v2\/types\/product"}],"replies":[{"embeddable":true,"href":"https:\/\/www.microxol.com\/index.php?rest_route=%2Fwp%2Fv2%2Fcomments&post=8651"}],"wp:featuredmedia":[{"embeddable":true,"href":"https:\/\/www.microxol.com\/index.php?rest_route=\/wp\/v2\/media\/8652"}],"wp:attachment":[{"href":"https:\/\/www.microxol.com\/index.php?rest_route=%2Fwp%2Fv2%2Fmedia&parent=8651"}],"wp:term":[{"taxonomy":"product_brand","embeddable":true,"href":"https:\/\/www.microxol.com\/index.php?rest_route=%2Fwp%2Fv2%2Fproduct_brand&post=8651"},{"taxonomy":"product_cat","embeddable":true,"href":"https:\/\/www.microxol.com\/index.php?rest_route=%2Fwp%2Fv2%2Fproduct_cat&post=8651"},{"taxonomy":"product_tag","embeddable":true,"href":"https:\/\/www.microxol.com\/index.php?rest_route=%2Fwp%2Fv2%2Fproduct_tag&post=8651"}],"curies":[{"name":"wp","href":"https:\/\/api.w.org\/{rel}","templated":true}]}}