{"id":8649,"date":"2024-11-05T13:50:34","date_gmt":"2024-11-05T18:50:34","guid":{"rendered":"https:\/\/www.microxol.com\/?post_type=product&#038;p=8649"},"modified":"2024-11-05T13:55:54","modified_gmt":"2024-11-05T18:55:54","slug":"computador-pc-corporativo-lenovo-thinkcentre-neo-50s-gen4-sff-intel-core-i7","status":"publish","type":"product","link":"https:\/\/www.microxol.com\/?product=computador-pc-corporativo-lenovo-thinkcentre-neo-50s-gen4-sff-intel-core-i7","title":{"rendered":"COMPUTADOR PC CORPORATIVO LENOVO THINKCENTRE NEO 50S GEN4 SFF INTEL CORE I7"},"content":{"rendered":"<p>Procesador Intel Core i7-13700 (16 Core [ 8 P-Core + 8 E-Core] &#8211; 24 Hilos) P-core 2.1GHz \/ E-core 1.5GHz &#8211;\u00a0 P-core 5.1GHz \/ E-<\/p>\n<p>MEMORIA RAM 16 GB DDR4 3200, Crece hasta Up to 64GB DDR4-3200<\/p>\n<p>Disco Duro 512 GB SSD M.2 2280 | Ampliacion RAM&amp;DD Confirmar en PSREF* | Chipset Intel B660 |\u00a0 |<\/p>\n<p>Monitor 21.45&#8243; L22E-20, Windows 11 Pro<\/p>\n<p>Tarjeta de Video\u00a0 Intel UHD Graphics 770<\/p>\n<p>Unidad \u00d3ptica Slim DVD Writer 9.0MM<\/p>\n<p>Puertos Frontales: 1x USB-C 3.2 Gen 1 (support data transfer and 5V@3A charging),2x USB 3.2 Gen 1,1x headphone \/ microphone combo jack (3.5mm),1x microphone (3.5mm) | , Puertos Posteriores: 2x USB 2.0,2x USB 3.2 Gen 1 (one supports<\/p>\n<p>Ethernet (RJ-45) Si Gigabit Ethernet<\/p>\n<p>Teclado y Mouse USB Negro |<\/p>\n<p>WINDOWS 11 PROFESIONAL<\/p>\n<p>Garantia 3 A\u00f1os Onsite. Garantia 36 meses directamente de Lenovo en centros de servicio autorizados a nivel nacional.<\/p>\n<p>&nbsp;<\/p>\n<p><i><em><strong>Consulta por disponibilidad a tu Asesor!!!<\/strong><\/em><\/i><\/p>\n<h4><strong><em>\u00bfNecesitas ayuda? Escribenos Ahora Mismo!<\/em><br \/>\n<em>Email:<\/em><\/strong>\u00a0microxol@hotmail.com<br \/>\n<em><strong>WhatsApp:<\/strong><\/em>\u00a03115229464<\/h4>\n","protected":false},"excerpt":{"rendered":"<p>Aprovecha el rendimiento verdaderamente receptivo y potente de la ThinkCentre Neo 50s (Intel). Con el \u00faltimo procesador Intel\u00ae Core\u2122 de 13va generaci\u00f3n, reforzada por una memoria DDR4 de hasta 64 GB y una amplia capacidad de almacenamiento en HDD y SSD, este sistema de sobremesa de reducido tama\u00f1o se apresurar\u00e1 a realizar cualquier tarea, aumentando los niveles de productividad en un abrir y cerrar de ojos.<\/p>\n<p>Lo ecol\u00f3gico es la nueva vanguardia<\/p>\n<p>Sin pintura y fabricada con contenido reciclado (85 % de contenido posconsumo), este sistema de sobremesa ThinkCentre, que ahorra espacio, se entrega en un embalaje de pl\u00e1sticos de origen marino, lo que ampl\u00eda su sostenibilidad y durabilidad. Adem\u00e1s, cuenta con otras credenciales ecol\u00f3gicas opcionales, como Energy Star\u00ae 8.0 y EPEAT\u00ae Gold.<\/p>\n","protected":false},"featured_media":8650,"comment_status":"closed","ping_status":"closed","template":"","meta":{"kt_blocks_editor_width":""},"product_brand":[],"product_cat":[8,166,169],"product_tag":[],"class_list":{"0":"post-8649","1":"product","2":"type-product","3":"status-publish","4":"has-post-thumbnail","6":"product_cat-computadores-de-escritorio","7":"product_cat-lenovo-computadores-todo-en-uno-2","8":"product_cat-lenovo-computadores-de-escritorio-2","10":"first","11":"instock","12":"shipping-taxable","13":"purchasable","14":"product-type-simple"},"_links":{"self":[{"href":"https:\/\/www.microxol.com\/index.php?rest_route=\/wp\/v2\/product\/8649","targetHints":{"allow":["GET"]}}],"collection":[{"href":"https:\/\/www.microxol.com\/index.php?rest_route=\/wp\/v2\/product"}],"about":[{"href":"https:\/\/www.microxol.com\/index.php?rest_route=\/wp\/v2\/types\/product"}],"replies":[{"embeddable":true,"href":"https:\/\/www.microxol.com\/index.php?rest_route=%2Fwp%2Fv2%2Fcomments&post=8649"}],"wp:featuredmedia":[{"embeddable":true,"href":"https:\/\/www.microxol.com\/index.php?rest_route=\/wp\/v2\/media\/8650"}],"wp:attachment":[{"href":"https:\/\/www.microxol.com\/index.php?rest_route=%2Fwp%2Fv2%2Fmedia&parent=8649"}],"wp:term":[{"taxonomy":"product_brand","embeddable":true,"href":"https:\/\/www.microxol.com\/index.php?rest_route=%2Fwp%2Fv2%2Fproduct_brand&post=8649"},{"taxonomy":"product_cat","embeddable":true,"href":"https:\/\/www.microxol.com\/index.php?rest_route=%2Fwp%2Fv2%2Fproduct_cat&post=8649"},{"taxonomy":"product_tag","embeddable":true,"href":"https:\/\/www.microxol.com\/index.php?rest_route=%2Fwp%2Fv2%2Fproduct_tag&post=8649"}],"curies":[{"name":"wp","href":"https:\/\/api.w.org\/{rel}","templated":true}]}}