{"id":8579,"date":"2024-10-09T19:51:42","date_gmt":"2024-10-10T00:51:42","guid":{"rendered":"https:\/\/www.microxol.com\/?post_type=product&#038;p=8579"},"modified":"2024-10-09T19:58:33","modified_gmt":"2024-10-10T00:58:33","slug":"pc-desktop-de-escritorio-corporativo-hp-pro-mini-400-g9-intel-core-i3-13100","status":"publish","type":"product","link":"https:\/\/www.microxol.com\/?product=pc-desktop-de-escritorio-corporativo-hp-pro-mini-400-g9-intel-core-i3-13100","title":{"rendered":"PC DESKTOP DE ESCRITORIO CORPORATIVO HP  PRO MINI 400 G9  INTEL CORE I3 13100"},"content":{"rendered":"<h4 id=\"title\" class=\"a-size-large a-spacing-none\"><span id=\"productTitle\" class=\"a-size-large product-title-word-break\">HP Computadora de escritorio Pro 400 G9 &#8211; Intel Core i3 13\u00aa generaci\u00f3n i3-13100 de cuatro n\u00facleos (4 n\u00facleos) &#8211; 8 GB de RAM DDR4 SDRAM &#8211; 256 GB M.2 PCI Express NVMe SSD, factor de forma peque\u00f1o<\/span><\/h4>\n<ul>\n<li><strong>Procesador:<\/strong>\u00a0Intel\u00ae Core\u2122 i3-13100 (frecuencia base de 3.4 GHz, hasta 4.5 GHz con Turbo Boost, 12 MB de cach\u00e9 L3, 4 n\u00facleos, 8 subprocesos)<\/li>\n<li><strong>Memoria:<\/strong>\u00a08 GB de RAM DDR4-3200 MHz<\/li>\n<li><strong>Almacenamiento:<\/strong> SSD PCIe\u00ae NVMe\u2122 M.2 de 256 GB<\/li>\n<li><em><strong>MONITOR\u00a0 HP19&#8243; FHD<\/strong><\/em><\/li>\n<li><strong>Gr\u00e1ficos:<\/strong>\u00a0Intel\u00ae UHD Graphics 730 integrados<\/li>\n<li><strong>Sistema Operativo:<\/strong> <strong>WINDOWS 11 PROFESIONAL<\/strong><\/li>\n<li><strong>Conectividad:<\/strong> M\u00faltiples puertos USB, HDMI, VGA y Ethernet RJ 45<\/li>\n<li><strong>Dise\u00f1o:<\/strong>\u00a0Factor de forma peque\u00f1o (SFF), ideal para espacios reducidos y oficinas modernas<\/li>\n<li><strong>Seguridad:<\/strong>\u00a0TPM 2.0 integrado para mayor protecci\u00f3n de datos<\/li>\n<li>PRODUCTO : NUEVOGARANTIA : 12 MESES\n<p>&nbsp;<\/p>\n<p><i><em><strong>Consulta por disponibilidad a tu Asesor!!!<\/strong><\/em><\/i><\/p>\n<h4><strong><em>\u00bfNecesitas ayuda? Escribenos Ahora Mismo!<\/em><br \/>\n<em>Email:<\/em><\/strong>\u00a0microxol@hotmail.com<br \/>\n<em><strong>WhatsApp:<\/strong><\/em>\u00a03115229464<\/h4>\n<\/li>\n<\/ul>\n","protected":false},"excerpt":{"rendered":"<h5 id=\"GUID-80E833BD-43A2-471A-AED4-C28B50B2E1C6__GUID-82269A3F-2B1F-416B-91D6-51A257CE7F84\" class=\"title topictitle1\">HP Pro Mini 400 G9<\/h5>\n<h5><span style=\"color: inherit; font-family: inherit; font-size: 31.5px; font-weight: bold;\">Rendimiento y Eficiencia en un Dise\u00f1o Compacto<\/span><\/h5>\n<div>\n<h5>El HP Pro MINI 400 G9 es la elecci\u00f3n perfecta para profesionales que buscan un equilibrio entre rendimiento y espacio. Equipado con el procesador Intel\u00ae Core\u2122 i3-13100, este equipo ofrece la potencia necesaria para manejar tareas diarias con rapidez y eficiencia, asegurando que puedas trabajar de manera productiva en todo momento.<\/h5>\n<p>Con 8 GB de RAM y un SSD de 256 GB PCIe\u00ae, disfrutar\u00e1s de una experiencia inform\u00e1tica fluida, con tiempos de arranque r\u00e1pidos y acceso instant\u00e1neo a tus aplicaciones y archivos m\u00e1s importantes. Los gr\u00e1ficos Intel\u00ae UHD 730 integrados te permiten realizar tareas visuales con claridad y precisi\u00f3n, ideal para aplicaciones de oficina y multimedia ligera.<\/p>\n<p>El dise\u00f1o compacto del HP Pro\u00a0 MINI\u00a0 G9 lo hace ideal para oficinas donde el espacio es una prioridad, sin comprometer el rendimiento. Su amplia conectividad, que incluye puertos USB, HDMI, y VGA, asegura que puedas conectar todos tus dispositivos y perif\u00e9ricos con facilidad, manteniendo tu espacio de trabajo ordenado y eficiente.<\/p>\n<p>&nbsp;<\/p>\n<\/div>\n","protected":false},"featured_media":8580,"comment_status":"closed","ping_status":"closed","template":"","meta":{"kt_blocks_editor_width":""},"product_brand":[],"product_cat":[8,94],"product_tag":[],"class_list":{"0":"post-8579","1":"product","2":"type-product","3":"status-publish","4":"has-post-thumbnail","6":"product_cat-computadores-de-escritorio","7":"product_cat-hewlett-packard-computadores-de-escritorio","9":"first","10":"instock","11":"shipping-taxable","12":"purchasable","13":"product-type-simple"},"_links":{"self":[{"href":"https:\/\/www.microxol.com\/index.php?rest_route=\/wp\/v2\/product\/8579","targetHints":{"allow":["GET"]}}],"collection":[{"href":"https:\/\/www.microxol.com\/index.php?rest_route=\/wp\/v2\/product"}],"about":[{"href":"https:\/\/www.microxol.com\/index.php?rest_route=\/wp\/v2\/types\/product"}],"replies":[{"embeddable":true,"href":"https:\/\/www.microxol.com\/index.php?rest_route=%2Fwp%2Fv2%2Fcomments&post=8579"}],"wp:featuredmedia":[{"embeddable":true,"href":"https:\/\/www.microxol.com\/index.php?rest_route=\/wp\/v2\/media\/8580"}],"wp:attachment":[{"href":"https:\/\/www.microxol.com\/index.php?rest_route=%2Fwp%2Fv2%2Fmedia&parent=8579"}],"wp:term":[{"taxonomy":"product_brand","embeddable":true,"href":"https:\/\/www.microxol.com\/index.php?rest_route=%2Fwp%2Fv2%2Fproduct_brand&post=8579"},{"taxonomy":"product_cat","embeddable":true,"href":"https:\/\/www.microxol.com\/index.php?rest_route=%2Fwp%2Fv2%2Fproduct_cat&post=8579"},{"taxonomy":"product_tag","embeddable":true,"href":"https:\/\/www.microxol.com\/index.php?rest_route=%2Fwp%2Fv2%2Fproduct_tag&post=8579"}],"curies":[{"name":"wp","href":"https:\/\/api.w.org\/{rel}","templated":true}]}}