{"id":7571,"date":"2023-08-11T17:37:59","date_gmt":"2023-08-11T22:37:59","guid":{"rendered":"https:\/\/www.microxol.com\/?post_type=product&#038;p=7571"},"modified":"2023-08-11T17:37:59","modified_gmt":"2023-08-11T22:37:59","slug":"morral-para-portatil-15-6-negro","status":"publish","type":"product","link":"https:\/\/www.microxol.com\/?product=morral-para-portatil-15-6-negro","title":{"rendered":"MORRAL PARA PORT\u00c1TIL  15.6&#8243; NEGRO"},"content":{"rendered":"<p><strong>Descripci\u00f3n General:<\/strong><\/p>\n<p>El Morral Backpack\u00a0 ofrece materiales duraderos y caracter\u00edsticas de dise\u00f1o inteligente que incluyen funda protectora incorporada para su computadora port\u00e1til, tirantes ergon\u00f3micos y correa de mango acolchada, exterior duradero e interior espacioso.<\/p>\n<p>Se adapta f\u00e1cilmente a todos los elementos esenciales de la vida.<\/p>\n<p>MORRAL PORTATIL 15.6 NYLON NEGRO<\/p>\n<p><b>Material:\u00a0\u00a0<\/b>100% Nylon impermeable<\/p>\n<p><b>Capacidad:\u00a0\u00a0<\/b>Laptop hasta de 15.6&#8243;<\/p>\n<p><b>Tama\u00f1o:\u00a0\u00a0<\/b>30\u00a0x 10 x 40 cm<\/p>\n<p><b>M\u00e1xima Resistencia:\u00a0\u00a0<\/b>10 kg<\/p>\n<p>&nbsp;<\/p>\n","protected":false},"excerpt":{"rendered":"<p><b>Material:\u00a0\u00a0<\/b>100% Nylon impermeable<\/p>\n<p><b>Capacidad:\u00a0\u00a0<\/b>Laptop hasta de 15.6&#8243;<\/p>\n<p><b>Tama\u00f1o:\u00a0\u00a0<\/b>30\u00a0x 10 x 40 cm<\/p>\n<p><b>M\u00e1xima Resistencia:\u00a0\u00a0<\/b>10 kg<\/p>\n<p>Color: Negro<\/p>\n","protected":false},"featured_media":7572,"comment_status":"closed","ping_status":"closed","template":"","meta":{"kt_blocks_editor_width":""},"product_brand":[],"product_cat":[11],"product_tag":[],"class_list":{"0":"post-7571","1":"product","2":"type-product","3":"status-publish","4":"has-post-thumbnail","6":"product_cat-accesorios","8":"first","9":"instock","10":"shipping-taxable","11":"purchasable","12":"product-type-simple"},"_links":{"self":[{"href":"https:\/\/www.microxol.com\/index.php?rest_route=\/wp\/v2\/product\/7571","targetHints":{"allow":["GET"]}}],"collection":[{"href":"https:\/\/www.microxol.com\/index.php?rest_route=\/wp\/v2\/product"}],"about":[{"href":"https:\/\/www.microxol.com\/index.php?rest_route=\/wp\/v2\/types\/product"}],"replies":[{"embeddable":true,"href":"https:\/\/www.microxol.com\/index.php?rest_route=%2Fwp%2Fv2%2Fcomments&post=7571"}],"wp:featuredmedia":[{"embeddable":true,"href":"https:\/\/www.microxol.com\/index.php?rest_route=\/wp\/v2\/media\/7572"}],"wp:attachment":[{"href":"https:\/\/www.microxol.com\/index.php?rest_route=%2Fwp%2Fv2%2Fmedia&parent=7571"}],"wp:term":[{"taxonomy":"product_brand","embeddable":true,"href":"https:\/\/www.microxol.com\/index.php?rest_route=%2Fwp%2Fv2%2Fproduct_brand&post=7571"},{"taxonomy":"product_cat","embeddable":true,"href":"https:\/\/www.microxol.com\/index.php?rest_route=%2Fwp%2Fv2%2Fproduct_cat&post=7571"},{"taxonomy":"product_tag","embeddable":true,"href":"https:\/\/www.microxol.com\/index.php?rest_route=%2Fwp%2Fv2%2Fproduct_tag&post=7571"}],"curies":[{"name":"wp","href":"https:\/\/api.w.org\/{rel}","templated":true}]}}