{"id":7405,"date":"2023-04-21T12:12:36","date_gmt":"2023-04-21T17:12:36","guid":{"rendered":"https:\/\/www.microxol.com\/?post_type=product&#038;p=7405"},"modified":"2025-01-19T18:36:02","modified_gmt":"2025-01-19T23:36:02","slug":"portatil-gamer-msi-bravo-15-c7vek-amd-ryzen-5-7535hs","status":"publish","type":"product","link":"https:\/\/www.microxol.com\/?product=portatil-gamer-msi-bravo-15-c7vek-amd-ryzen-5-7535hs","title":{"rendered":"PORTATIL GAMER MSI CREATOR PRO M16 HX  C14VIG INTEL CORE i9-14900HX"},"content":{"rendered":"<h3><strong>PROCESADOR:Intel\u00ae Core\u2122 i9-14900HX<\/strong><\/h3>\n<h4><strong>PANTALLA:16&#8243; 16:10QHD+(2560 x 1600),240Hz, 100% DCI-P3, IPS-level panel<\/strong><br \/>\n<strong>Memoria Ram<\/strong>: 32GB \u00a0DDR5<br \/>\n<strong>Almacenamiento<\/strong>: DOS 2 TB\u00a0 NVMe PCIe Gen 4&#215;4<br \/>\nTARJETA GRAFICA: NVIDIA RTX1000 AdaGenerationLaptop GPU GDDR6 6GB<br \/>\n<strong>Puertos<\/strong>:<br \/>\n1x Tipo-C (USB3.2 Gen1 \/ DP)<br \/>\n2x Tipo-A USB3.2 Gen1<br \/>\n1x Tipo-A USB2.0<br \/>\n1x HDMI\u00a02.1 (8K @ 60Hz \/ 4K @ 120Hz)<br \/>\n1x RJ45<br \/>\n<strong>Red<\/strong>:<br \/>\n802.11 hacha Wi-Fi 6E<br \/>\nBluetooth v5.3<\/h4>\n<p>SISTEMA OPERATIVO WINDOWS 11 PROFESIONAL<\/p>\n<p>GARANTIA 24 MESES<\/p>\n<p><i><em><strong>Consulta por disponibilidad a tu Asesor!!!<\/strong><\/em><\/i><\/p>\n<h4><strong><em>\u00bfNecesitas ayuda? Escribenos Ahora Mismo!<\/em><br \/>\n<em>Email:<\/em><\/strong>\u00a0microxol@hotmail.com<br \/>\n<em><strong>WhatsApp:<\/strong><\/em>\u00a03115229464<\/h4>\n","protected":false},"excerpt":{"rendered":"<h3 class=\"sc-8b815c14-0 hVYfJJ\">Juegos m\u00e1s exigentes y capacidades multitarea<\/h3>\n<p>Con la\u00a0<b>arquitectura h\u00edbrida de Intel<\/b>\u00a0el desempe\u00f1o y eficiencia es superior para el entretenimiento con los\u00a0<b>juegos m\u00e1s Top<\/b>\u00a0y las competiciones m\u00e1s exigentes, el trabajo inteligente o creaci\u00f3n de contenido. La\u00a0<b>serie HX para videojuegos de alto rendimiento con capacidades de overclocking<\/b>, ofrece una plataforma de rendimiento de PC en un port\u00e1til y los n\u00facleos que integran los\u00a0<b>procesadores Intel\u00ae Core\u2122 I9 de 14\u00aa Generaci\u00f3n<\/b>\u00a0trabajan de forma din\u00e1mica e independiente aportando la energ\u00eda y potencia necesaria, mejorando el desempe\u00f1o en cualquier lugar con los\u00a0<b>performance-cores<\/b>\u00a0que se ocupan de grandes cargas como los juegos y la edici\u00f3n y los<b>\u00a0efficient-cores<\/b> de las tareas en segundo plano. Con la velocidad turbo el juego es m\u00e1s fluido, con menos retraso, puerto universal para conectar varios monitores 4K a una potencia de hasta 100 W y transferencia de datos con velocidad de hasta 40 Gbps, las memorias\u00a0 DDR5 para reducir los tiempos de cargar o la base base Thunderbolt\u2122 4.<\/p>\n<h3 class=\"sc-8b815c14-0 hVYfJJ\">Gran capacidad de almacenamiento<\/h3>\n<p>Gracias a su\u00a0<b>gran almacenamiento interno de 2 TB SSD<\/b>, podr\u00e1s transferir tus datos en alta velocidad. Lo mejor es que la memoria de tipo SSD, transfiere datos 20 veces m\u00e1s r\u00e1pido que un disco duro convencional. Adem\u00e1s, el port\u00e1til MSI tiene\u00a0<b>32 GB de memoria RAM<\/b>, de tipo DDR5, lo que supondr\u00e1 una reducci\u00f3n considerable en los tiempos de carga.<\/p>\n<h3 class=\"sc-8b815c14-0 hVYfJJ\">Tus proyectos en alta definici\u00f3n a 240 Hz<\/h3>\n<p>Tus juegos ahora tienen una nitidez nunca imaginada gracias a la\u00a0<b>pantalla IPS de 16 pulgadas y tasa de refresco de 240 Hz<\/b>. Su\u00a0<b>resoluci\u00f3n QHD+ de 2560 x 1600 p\u00edxeles<\/b>\u00a0proporciona una imagen detallada, clar\u00edsima y con los colores m\u00e1s vivos que nunca.<\/p>\n<h3 class=\"sc-8b815c14-0 hVYfJJ\">Intel\u00ae Wi-Fi\u00a06E una experiencia de red VIP<\/h3>\n<p><b>Intel\u00ae Wi-Fi 6E<\/b>\u00a0permiten aprovechar las caracter\u00edsticas y los canales exclusivos para que los usuarios particulares, empresariales y de gaming disfruten de beneficios de gran nivel que mejora el\u00a0<b>rendimiento inal\u00e1mbrico y utiliza la banda de 6GHz<\/b>\u00a0sin dispositivos heredados con hasta siete canales adicionales de 160 MHz otorgando a los dispositivos Wi-Fi 6E la ventaja y la capacidad de experimentar\u00a0<b>velocidades gigabit con facilidad, latencia baja y ninguna interferencia<\/b>.<\/p>\n","protected":false},"featured_media":8765,"comment_status":"closed","ping_status":"closed","template":"","meta":{"kt_blocks_editor_width":""},"product_brand":[],"product_cat":[152,7],"product_tag":[],"class_list":{"0":"post-7405","1":"product","2":"type-product","3":"status-publish","4":"has-post-thumbnail","6":"product_cat-msi","7":"product_cat-portatiles","9":"first","10":"instock","11":"shipping-taxable","12":"purchasable","13":"product-type-simple"},"_links":{"self":[{"href":"https:\/\/www.microxol.com\/index.php?rest_route=\/wp\/v2\/product\/7405","targetHints":{"allow":["GET"]}}],"collection":[{"href":"https:\/\/www.microxol.com\/index.php?rest_route=\/wp\/v2\/product"}],"about":[{"href":"https:\/\/www.microxol.com\/index.php?rest_route=\/wp\/v2\/types\/product"}],"replies":[{"embeddable":true,"href":"https:\/\/www.microxol.com\/index.php?rest_route=%2Fwp%2Fv2%2Fcomments&post=7405"}],"wp:featuredmedia":[{"embeddable":true,"href":"https:\/\/www.microxol.com\/index.php?rest_route=\/wp\/v2\/media\/8765"}],"wp:attachment":[{"href":"https:\/\/www.microxol.com\/index.php?rest_route=%2Fwp%2Fv2%2Fmedia&parent=7405"}],"wp:term":[{"taxonomy":"product_brand","embeddable":true,"href":"https:\/\/www.microxol.com\/index.php?rest_route=%2Fwp%2Fv2%2Fproduct_brand&post=7405"},{"taxonomy":"product_cat","embeddable":true,"href":"https:\/\/www.microxol.com\/index.php?rest_route=%2Fwp%2Fv2%2Fproduct_cat&post=7405"},{"taxonomy":"product_tag","embeddable":true,"href":"https:\/\/www.microxol.com\/index.php?rest_route=%2Fwp%2Fv2%2Fproduct_tag&post=7405"}],"curies":[{"name":"wp","href":"https:\/\/api.w.org\/{rel}","templated":true}]}}