{"id":7396,"date":"2023-04-21T10:59:05","date_gmt":"2023-04-21T15:59:05","guid":{"rendered":"https:\/\/www.microxol.com\/?post_type=product&#038;p=7396"},"modified":"2025-01-17T19:49:22","modified_gmt":"2025-01-18T00:49:22","slug":"portatil-msi-gamer-cyborg-15-a12vf-intel-core-i7-12650h","status":"publish","type":"product","link":"https:\/\/www.microxol.com\/?product=portatil-msi-gamer-cyborg-15-a12vf-intel-core-i7-12650h","title":{"rendered":"PORTATIL  GAMER MSI CYBORG 15 A12V   INTEL CORE I7 ALDER LAKE 12650H"},"content":{"rendered":"<h4 class=\"page-title\">Portatil MSI Cyborg 15 A12VF i7-12650H- Memoria\u00a0 Ram\u00a0 16GB ddr5 &#8211; Disco solido SSD 512GB -Pantalla 15,6\u2033 fhd-\u00a0 \u00a0144HZ Tarjeta de video RTX 4060 8GB.<\/h4>\n<div class=\"summary entry-summary\">\n<div class=\"woocommerce-product-details__short-description\">\n<ul>\n<li><strong>Procesador<\/strong>: ALDER LAKE Intel Core i7-12650h (cach\u00e9 de 24 M, hasta 4,70 GHz)<\/li>\n<li><strong>Almacenamiento<\/strong>: SSD de 512 GB (PCIe, NVMe) GEN 4X4<\/li>\n<li><strong>Memoria RAM<\/strong>: 16GB DDR5\u00a0 4800<\/li>\n<li><strong>Graficos<\/strong>:\u00a0<strong>Nvidia GeForce RTX 4060 8GB\u00a0<\/strong><\/li>\n<li><strong>Pantalla<\/strong>: 15,6 \u201c FHD de 1920 x 1080 ips 144hz<\/li>\n<li><strong>Conectividad<\/strong>: Wi-Fi 6(802.11ax)+Bluetooth 5.0 (Dual band)<\/li>\n<li><strong>Puertos<\/strong>:<\/li>\n<li>1x Tipo-C (USB3.2 Gen1 \/ DP)<\/li>\n<li>2x Tipo-A USB3.2 Gen1<\/li>\n<li>1x HDMI\u2122 2.1 (4K @ 60Hz)<\/li>\n<li>PUERTO DE RED 1x RJ451x<\/li>\n<li>conector de audio combinado de 3,5 m<\/li>\n<li>\n<h4><strong><i><em>Consulta por disponibilidad a tu Asesor!!!<\/em><\/i><\/strong><\/h4>\n<h3><strong><em>\u00bfNecesitas ayuda? Escribenos Ahora Mismo!<\/em><br \/>\n<em>Email:<\/em><\/strong>\u00a0<strong>microxol@hotmail.com<\/strong><br \/>\n<em><strong>WhatsApp:<\/strong><\/em>\u00a03115229464<\/h3>\n<\/li>\n<\/ul>\n<\/div>\n<div class=\"sml-single-cart-wrapp sml-single-product-outer\">\n<form class=\"cart\" action=\"https:\/\/megacomputer.com.co\/tienda\/portatil-msi-cyborg-15-a12vf-i7-12650h-ram-ddr5-8gb-ssd-512gb-156-fhd-rtx-4060-8gb\/\" enctype=\"multipart\/form-data\" method=\"post\"><\/form>\n<div class=\"sml-compare-wrapp\">\n<div class=\"add-to-wishlist-custom add-to-wishlist-14346\">\n<div class=\"yith-wcwl-add-button show\"><\/div>\n<\/div>\n<\/div>\n<\/div>\n<\/div>\n","protected":false},"excerpt":{"rendered":"<h4 class=\"page-title\">Portatil MSI Cyborg 15 A12VF i7-12650H- Memoria\u00a0 Ram\u00a0 16GB ddr5 &#8211; Disco solido SSD 512GB -Pantalla 15,6\u2033 fhd-\u00a0 \u00a0144HZ Tarjeta de video RTX 4060 8GB.<\/h4>\n<h4>La siguiente fase de evoluci\u00f3n ya est\u00e1 aqu\u00ed: sum\u00e9rgete en el mundo de los juegos al estilo cyberpunk, flexiona tu estilo de ciencia ficci\u00f3n y supera a tu oponente con hardware revolucionario.\u00a0Al incorporar un dise\u00f1o exterior mecanizado futurista, el Cyborg 15 A12V est\u00e1 dise\u00f1ado para ser el port\u00e1til para juegos m\u00e1s innovador y de vanguardia.<\/h4>\n<p>&nbsp;<\/p>\n<h4><strong><i><em>*Consulta por disponibilidad a tu Asesor!!!<\/em><\/i><\/strong><\/h4>\n<h3><strong><em>\u00bfNecesitas ayuda? Escribenos Ahora Mismo!<\/em><br \/>\n<em>Email:<\/em><\/strong>\u00a0<strong>microxol@hotmail.com<\/strong><br \/>\n<em><strong>WhatsApp:<\/strong><\/em>\u00a03115229464<\/h3>\n","protected":false},"featured_media":8160,"comment_status":"closed","ping_status":"closed","template":"","meta":{"kt_blocks_editor_width":""},"product_brand":[],"product_cat":[152,7],"product_tag":[],"class_list":{"0":"post-7396","1":"product","2":"type-product","3":"status-publish","4":"has-post-thumbnail","6":"product_cat-msi","7":"product_cat-portatiles","9":"first","10":"instock","11":"shipping-taxable","12":"purchasable","13":"product-type-simple"},"_links":{"self":[{"href":"https:\/\/www.microxol.com\/index.php?rest_route=\/wp\/v2\/product\/7396","targetHints":{"allow":["GET"]}}],"collection":[{"href":"https:\/\/www.microxol.com\/index.php?rest_route=\/wp\/v2\/product"}],"about":[{"href":"https:\/\/www.microxol.com\/index.php?rest_route=\/wp\/v2\/types\/product"}],"replies":[{"embeddable":true,"href":"https:\/\/www.microxol.com\/index.php?rest_route=%2Fwp%2Fv2%2Fcomments&post=7396"}],"wp:featuredmedia":[{"embeddable":true,"href":"https:\/\/www.microxol.com\/index.php?rest_route=\/wp\/v2\/media\/8160"}],"wp:attachment":[{"href":"https:\/\/www.microxol.com\/index.php?rest_route=%2Fwp%2Fv2%2Fmedia&parent=7396"}],"wp:term":[{"taxonomy":"product_brand","embeddable":true,"href":"https:\/\/www.microxol.com\/index.php?rest_route=%2Fwp%2Fv2%2Fproduct_brand&post=7396"},{"taxonomy":"product_cat","embeddable":true,"href":"https:\/\/www.microxol.com\/index.php?rest_route=%2Fwp%2Fv2%2Fproduct_cat&post=7396"},{"taxonomy":"product_tag","embeddable":true,"href":"https:\/\/www.microxol.com\/index.php?rest_route=%2Fwp%2Fv2%2Fproduct_tag&post=7396"}],"curies":[{"name":"wp","href":"https:\/\/api.w.org\/{rel}","templated":true}]}}