{"id":6338,"date":"2021-11-09T17:10:46","date_gmt":"2021-11-09T22:10:46","guid":{"rendered":"https:\/\/www.microxol.com.co\/?post_type=product&#038;p=6338"},"modified":"2025-05-02T07:47:31","modified_gmt":"2025-05-02T12:47:31","slug":"tarjeta-de-video-gyga-byte-aorus-rx-6900-16gb-ddr6","status":"publish","type":"product","link":"https:\/\/www.microxol.com\/?product=tarjeta-de-video-gyga-byte-aorus-rx-6900-16gb-ddr6","title":{"rendered":"TARJETA DE VIDEO MSI RTX 5070 VENTUS 16GB 3X  OC"},"content":{"rendered":"<div><\/div>\n<div class=\"KvSummary__productIntro__1WXF-\">\n<ul>\n<li>\n<ul>\n<li><strong>Nombre comercial:<\/strong>\u00a0GeForce RTX\u2122 5070 Ti 16G VENTUS 3X OC<\/li>\n<li><strong>Nombre del modelo:\u00a0<\/strong>G507T-16V3C<\/li>\n<li><strong>Unidad de procesamiento de gr\u00e1ficos:\u00a0<\/strong>NVIDIA\u00ae GeForce RTX\u2122 5070 Ti<\/li>\n<li><strong>Interfaz:\u00a0<\/strong>PCI Express\u00ae Gen 5<\/li>\n<\/ul>\n<ul>\n<li><strong>Relojes centrales:\u00a0<\/strong>Rendimiento extremo: 2497 MHz (MSI Center), Boost: 2482 MHz<\/li>\n<li><strong>N\u00daCLEOS CUDA<\/strong>: 8960 Unidades<\/li>\n<li><strong>Velocidad de la memoria:<\/strong>\u00a028 Gbps<\/li>\n<li><strong>Memoria:\u00a0<\/strong>16 GB GDDR7<\/li>\n<li><strong>Bus de memoria:\u00a0<\/strong>256 bits<\/li>\n<li><strong>Producci\u00f3n:\u00a0<\/strong>DisplayPort x 3 (v2.1b), HDMI\u2122 x 1 (como se especifica en HDMI\u2122 2.1b: hasta 4K 480Hz u 8K 120Hz con DSC, Gaming VRR, HDR)<\/li>\n<li><strong>Compatibilidad con HDCP:<\/strong>\u00a0Si<\/li>\n<li><strong>Consumo de energ\u00eda:\u00a0<\/strong>300 W<\/li>\n<li><strong>Conectores de alimentaci\u00f3n:\u00a0<\/strong>16 pines x1<\/li>\n<li><strong>Fuente de alimentaci\u00f3n recomendada:\u00a0<\/strong>750 W<\/li>\n<li><strong>Dimensiones de la tarjeta (mm):\u00a0<\/strong>303 x 121 x 49 mm<\/li>\n<li><strong>Peso (Tarjeta\/Paquete<\/strong>): 1073 gramos \/ 1566 gramos<\/li>\n<li><strong>Compatibilidad con versiones de DirectX:\u00a0<\/strong>12 \u00daltimo<\/li>\n<li><strong>Compatibilidad con versiones OpenGL:\u00a0<\/strong>6<\/li>\n<li><strong>M\u00e1ximo de visualizaciones:\u00a0<\/strong>4<\/li>\n<li><strong>Tecnolog\u00eda G-SYNC \u00ae:\u00a0<\/strong>Si<\/li>\n<li><strong>Resoluci\u00f3n m\u00e1xima digital: 7<\/strong>680 x 4320<\/li>\n<\/ul>\n<p><strong>Garant\u00eda<\/strong>: 12\u00a0Meses<\/p>\n<h4><strong><em>\u00bfNecesitas ayuda? Escribenos Ahora Mismo!<\/em><br \/>\n<em>Email:<\/em><\/strong> microxol@hotmail.com<br \/>\n<em><strong>WhatsApp:<\/strong><\/em> 3115229464<\/h4>\n<\/li>\n<\/ul>\n<\/div>\n","protected":false},"excerpt":{"rendered":"<ul>\n<li><b>Desarrollado con la arquitectura NVIDIA Blackwell y DLSS 4<\/b><\/li>\n<li><b>Tarjeta GeForce para entusiastas preparada para SFF<\/b><\/li>\n<li><b>Reloj de n\u00facleo:<\/b><br \/>\nRendimiento extremo: 2497 MHz (MSI Center)<br \/>\nBoost: 2482 MHz<\/li>\n<li><b>Ventilador TORX 5.0:<\/b>\u00a0Las aspas del ventilador unidas por arcos anulares trabajan para estabilizar y mantener un flujo de aire de alta presi\u00f3n.<\/li>\n<li><b>Placa base de cobre niquelada:<\/b>\u00a0el calor de la GPU y la memoria es capturado r\u00e1pidamente por una placa base de cobre niquelada y transferido.<\/li>\n<li><b>Core Pipe<\/b>\u00a0presenta un dise\u00f1o cuadrado para maximizar el contacto con la placa base de la GPU para una gesti\u00f3n t\u00e9rmica \u00f3ptima.<\/li>\n<li><b>Placa posterior de metal:<\/b>\u00a0una placa posterior de metal resistente fortalece la tarjeta gr\u00e1fica mientras que el dise\u00f1o de ventilaci\u00f3n del flujo de aire reduce el exceso de calor.<\/li>\n<li><b>MSI Center:<\/b>\u00a0el software exclusivo MSI Center le permite monitorear, ajustar y optimizar los productos MSI en tiempo real.<\/li>\n<li><b>El software Afterburner<\/b>\u00a0toma el control total con el software de overclocking de tarjetas gr\u00e1ficas m\u00e1s reconocido y utilizado en el mundo.<\/li>\n<\/ul>\n<p>&nbsp;<\/p>\n","protected":false},"featured_media":8974,"comment_status":"closed","ping_status":"closed","template":"","meta":{"kt_blocks_editor_width":""},"product_brand":[],"product_cat":[12,44],"product_tag":[],"class_list":{"0":"post-6338","1":"product","2":"type-product","3":"status-publish","4":"has-post-thumbnail","6":"product_cat-partes-para-pc","7":"product_cat-tarjetas-de-video","9":"first","10":"instock","11":"shipping-taxable","12":"purchasable","13":"product-type-simple"},"_links":{"self":[{"href":"https:\/\/www.microxol.com\/index.php?rest_route=\/wp\/v2\/product\/6338","targetHints":{"allow":["GET"]}}],"collection":[{"href":"https:\/\/www.microxol.com\/index.php?rest_route=\/wp\/v2\/product"}],"about":[{"href":"https:\/\/www.microxol.com\/index.php?rest_route=\/wp\/v2\/types\/product"}],"replies":[{"embeddable":true,"href":"https:\/\/www.microxol.com\/index.php?rest_route=%2Fwp%2Fv2%2Fcomments&post=6338"}],"wp:featuredmedia":[{"embeddable":true,"href":"https:\/\/www.microxol.com\/index.php?rest_route=\/wp\/v2\/media\/8974"}],"wp:attachment":[{"href":"https:\/\/www.microxol.com\/index.php?rest_route=%2Fwp%2Fv2%2Fmedia&parent=6338"}],"wp:term":[{"taxonomy":"product_brand","embeddable":true,"href":"https:\/\/www.microxol.com\/index.php?rest_route=%2Fwp%2Fv2%2Fproduct_brand&post=6338"},{"taxonomy":"product_cat","embeddable":true,"href":"https:\/\/www.microxol.com\/index.php?rest_route=%2Fwp%2Fv2%2Fproduct_cat&post=6338"},{"taxonomy":"product_tag","embeddable":true,"href":"https:\/\/www.microxol.com\/index.php?rest_route=%2Fwp%2Fv2%2Fproduct_tag&post=6338"}],"curies":[{"name":"wp","href":"https:\/\/api.w.org\/{rel}","templated":true}]}}