{"id":6290,"date":"2021-10-21T12:01:49","date_gmt":"2021-10-21T17:01:49","guid":{"rendered":"https:\/\/www.microxol.com.co\/?post_type=product&#038;p=6290"},"modified":"2023-07-17T16:53:14","modified_gmt":"2023-07-17T21:53:14","slug":"cable-utp-cat-6-exterior-305-metros","status":"publish","type":"product","link":"https:\/\/www.microxol.com\/?product=cable-utp-cat-6-exterior-305-metros","title":{"rendered":"CABLE UTP CAT 6 EXTERIOR 305 METROS"},"content":{"rendered":"<p>Caracter\u00edsticas principales:<br \/>\nCCTV IP Megapixel \/ Instalaciones de video an\u00e1logo \/ Redes locales de alta velocidad<br \/>\nRedes inal\u00e1mbricas<br \/>\nPara aplicaciones de alta velocidad de datos, Fast Ethernet y Gigabit Ethernet.<br \/>\nInstalaciones Gigabit de voz\/datos.<br \/>\nTipo FTP<br \/>\nCaracter\u00edsticas F\u00edsicas y El\u00e9ctricas:<br \/>\nConductor: 100% Cobre<\/p>\n<p>Para instalaciones en exterior (CMX, UV Rated ) .<br \/>\nDise\u00f1ado para: Aplicaciones de datos de alta velocidad, Fast Ethernet y Gigabit Ethernet.<br \/>\nColor Exterior: Negro.-Calibre: 23.<br \/>\nAislamiento:PVC.<br \/>\nAprobaciones: CMX, ANSI\/TIA, ISO\/IEC, CENELEC EN.<br \/>\nCon blindaje: (Poli\u00e9ster Aluminizado) Mayor protecci\u00f3n contra interferencias El\u00e9ctricas, Contra Propagaci\u00f3n a la flama.<br \/>\nDi\u00e1metro: 7.6 \u00b1 0.2 mm.<br \/>\nFrecuencia: 250 MHz.<br \/>\nEst\u00e1ndares y Certificaciones:<br \/>\nUL: E488955<br \/>\nANSI\/TIA 560-C.2<br \/>\nISO\/IEC<br \/>\nCENELEC EN.<br \/>\nRoHS<\/p>\n","protected":false},"excerpt":{"rendered":"<p>CCTV IP Megapixel \/ Instalaciones de video an\u00e1logo \/ Redes locales de alta velocidad<br \/>\nRedes inal\u00e1mbricas<br \/>\nPara aplicaciones de alta velocidad de datos, Fast Ethernet y Gigabit Ethernet.<br \/>\nInstalaciones Gigabit de voz\/datos.<br \/>\nTipo FTP<br \/>\nCaracter\u00edsticas F\u00edsicas y El\u00e9ctricas:<br \/>\nConductor: 100% Cobre<\/p>\n","protected":false},"featured_media":6291,"comment_status":"closed","ping_status":"closed","template":"","meta":{"kt_blocks_editor_width":""},"product_brand":[],"product_cat":[137,106],"product_tag":[],"class_list":{"0":"post-6290","1":"product","2":"type-product","3":"status-publish","4":"has-post-thumbnail","6":"product_cat-cableado","7":"product_cat-redes","9":"first","10":"instock","11":"shipping-taxable","12":"purchasable","13":"product-type-simple"},"_links":{"self":[{"href":"https:\/\/www.microxol.com\/index.php?rest_route=\/wp\/v2\/product\/6290","targetHints":{"allow":["GET"]}}],"collection":[{"href":"https:\/\/www.microxol.com\/index.php?rest_route=\/wp\/v2\/product"}],"about":[{"href":"https:\/\/www.microxol.com\/index.php?rest_route=\/wp\/v2\/types\/product"}],"replies":[{"embeddable":true,"href":"https:\/\/www.microxol.com\/index.php?rest_route=%2Fwp%2Fv2%2Fcomments&post=6290"}],"wp:featuredmedia":[{"embeddable":true,"href":"https:\/\/www.microxol.com\/index.php?rest_route=\/wp\/v2\/media\/6291"}],"wp:attachment":[{"href":"https:\/\/www.microxol.com\/index.php?rest_route=%2Fwp%2Fv2%2Fmedia&parent=6290"}],"wp:term":[{"taxonomy":"product_brand","embeddable":true,"href":"https:\/\/www.microxol.com\/index.php?rest_route=%2Fwp%2Fv2%2Fproduct_brand&post=6290"},{"taxonomy":"product_cat","embeddable":true,"href":"https:\/\/www.microxol.com\/index.php?rest_route=%2Fwp%2Fv2%2Fproduct_cat&post=6290"},{"taxonomy":"product_tag","embeddable":true,"href":"https:\/\/www.microxol.com\/index.php?rest_route=%2Fwp%2Fv2%2Fproduct_tag&post=6290"}],"curies":[{"name":"wp","href":"https:\/\/api.w.org\/{rel}","templated":true}]}}