{"id":5936,"date":"2021-07-08T16:27:03","date_gmt":"2021-07-08T21:27:03","guid":{"rendered":"https:\/\/www.microxol.com.co\/?post_type=product&#038;p=5936"},"modified":"2021-07-08T16:27:19","modified_gmt":"2021-07-08T21:27:19","slug":"mouse-logitech-m90-usb","status":"publish","type":"product","link":"https:\/\/www.microxol.com\/?product=mouse-logitech-m90-usb","title":{"rendered":"MOUSE LOGITECH M90 USB"},"content":{"rendered":"<p>Confortable, sencillo y listo para usar. Es un rat\u00f3n de tama\u00f1o normal para ambidiestros, de dise\u00f1o simple y listo para cumplir con tus necesidades, sin problemas. Solo conecta el cable en el puerto USB y al instante estar\u00e1s usando un rat\u00f3n que sencillamente funciona.<\/p>\n<h4 class=\"h3 \">FACILIDAD PLUG AND PLAY<\/h4>\n<p>Es muy sencillo. Conecta el cable en el puerto USB y el M90 estar\u00e1 listo para usar. Sin descargas, ni configuraciones, ni complicaciones.<\/p>\n","protected":false},"excerpt":{"rendered":"<h4 class=\"h3 \">DURACI\u00d3N Y CONFIABILIDAD<\/h4>\n<p>El M90 est\u00e1 dise\u00f1ado con los mismos altos est\u00e1ndares de calidad y confiabilidad que han hecho de Logitech el l\u00edder mundial en mouse y teclados.<\/p>\n<h4 class=\"h3 \">AMPLIA COMPATIBILIDAD<\/h4>\n<p>El M90 funciona con Windows\u00ae, macOS y Linux\u00ae. Ten la seguridad de que funcionar\u00e1 con el resto de tu equipo.<\/p>\n","protected":false},"featured_media":5937,"comment_status":"closed","ping_status":"closed","template":"","meta":{"kt_blocks_editor_width":""},"product_brand":[],"product_cat":[11,31],"product_tag":[],"class_list":{"0":"post-5936","1":"product","2":"type-product","3":"status-publish","4":"has-post-thumbnail","6":"product_cat-accesorios","7":"product_cat-mouse","9":"first","10":"instock","11":"shipping-taxable","12":"purchasable","13":"product-type-simple"},"_links":{"self":[{"href":"https:\/\/www.microxol.com\/index.php?rest_route=\/wp\/v2\/product\/5936","targetHints":{"allow":["GET"]}}],"collection":[{"href":"https:\/\/www.microxol.com\/index.php?rest_route=\/wp\/v2\/product"}],"about":[{"href":"https:\/\/www.microxol.com\/index.php?rest_route=\/wp\/v2\/types\/product"}],"replies":[{"embeddable":true,"href":"https:\/\/www.microxol.com\/index.php?rest_route=%2Fwp%2Fv2%2Fcomments&post=5936"}],"wp:featuredmedia":[{"embeddable":true,"href":"https:\/\/www.microxol.com\/index.php?rest_route=\/wp\/v2\/media\/5937"}],"wp:attachment":[{"href":"https:\/\/www.microxol.com\/index.php?rest_route=%2Fwp%2Fv2%2Fmedia&parent=5936"}],"wp:term":[{"taxonomy":"product_brand","embeddable":true,"href":"https:\/\/www.microxol.com\/index.php?rest_route=%2Fwp%2Fv2%2Fproduct_brand&post=5936"},{"taxonomy":"product_cat","embeddable":true,"href":"https:\/\/www.microxol.com\/index.php?rest_route=%2Fwp%2Fv2%2Fproduct_cat&post=5936"},{"taxonomy":"product_tag","embeddable":true,"href":"https:\/\/www.microxol.com\/index.php?rest_route=%2Fwp%2Fv2%2Fproduct_tag&post=5936"}],"curies":[{"name":"wp","href":"https:\/\/api.w.org\/{rel}","templated":true}]}}