{"id":5856,"date":"2021-06-26T14:54:51","date_gmt":"2021-06-26T19:54:51","guid":{"rendered":"https:\/\/www.microxol.com.co\/?post_type=product&#038;p=5856"},"modified":"2022-09-08T15:42:48","modified_gmt":"2022-09-08T20:42:48","slug":"combo-logitech-mk-270-inalambrico","status":"publish","type":"product","link":"https:\/\/www.microxol.com\/?product=combo-logitech-mk-270-inalambrico","title":{"rendered":"COMBO LOGITECH MK 270 INALAMBRICO"},"content":{"rendered":"<h5 class=\"h1\">COMBO TECLADO + MOUSE INAL\u00c1MBRICOS \u00b7 LOGITECH WIRELESS MK270<\/h5>\n<h4 class=\"font-hero-s js-title \">COMBINACI\u00d3N INAL\u00c1MBRICA DE TECLADO Y MOUSE MK270<\/h4>\n<div class=\"body-copy-ctn js-body-copy-ctn rte-field \">\n<p>Combinaci\u00f3n inal\u00e1mbrica de tama\u00f1o normal<\/p>\n<p>La combinaci\u00f3n inal\u00e1mbrica MK270 combina la conveniencia y el confort de un teclado de tama\u00f1o normal con un compacto mouse contorneado. Con teclas multimedia, teclado num\u00e9rico y preciso control del cursor, el trabajo puede ser mucho m\u00e1s fluido. Y la tecnolog\u00eda inal\u00e1mbrica sin demoras facilita los preparativos y ahorra espacio en la mesa. \u00a1Por algo es la combinaci\u00f3n m\u00e1s vendida en el mundo.<\/p>\n<h4 class=\"h3 \">TECLADO DE TAMA\u00d1O NORMAL<\/h4>\n<p>Confort, tama\u00f1o normal y eficiencia. Con f\u00e1cil acceso a controles multimedia, este teclado te permite hacer m\u00e1s en menos tiempo, mediante ocho controles con los que usar al instante m\u00fasica, medios, ajustes de volumen, etc.<\/p>\n<\/div>\n","protected":false},"excerpt":{"rendered":"<h4 class=\"font-hero-s js-title \">COMBINACI\u00d3N INAL\u00c1MBRICA DE TECLADO Y MOUSE MK270<\/h4>\n<p>La combinaci\u00f3n inal\u00e1mbrica MK270 combina la conveniencia y el confort de un teclado de tama\u00f1o normal con un compacto mouse contorneado. Con teclas multimedia, teclado num\u00e9rico y preciso control del cursor, el trabajo puede ser mucho m\u00e1s fluido. Y la tecnolog\u00eda inal\u00e1mbrica sin demoras facilita los preparativos y ahorra espacio en la mesa. \u00a1Por algo es la combinaci\u00f3n m\u00e1s vendida en el mundo.<\/p>\n","protected":false},"featured_media":5858,"comment_status":"closed","ping_status":"closed","template":"","meta":{"kt_blocks_editor_width":""},"product_brand":[],"product_cat":[11,30],"product_tag":[],"class_list":{"0":"post-5856","1":"product","2":"type-product","3":"status-publish","4":"has-post-thumbnail","6":"product_cat-accesorios","7":"product_cat-teclados-accesorios","9":"first","10":"instock","11":"shipping-taxable","12":"purchasable","13":"product-type-simple"},"_links":{"self":[{"href":"https:\/\/www.microxol.com\/index.php?rest_route=\/wp\/v2\/product\/5856","targetHints":{"allow":["GET"]}}],"collection":[{"href":"https:\/\/www.microxol.com\/index.php?rest_route=\/wp\/v2\/product"}],"about":[{"href":"https:\/\/www.microxol.com\/index.php?rest_route=\/wp\/v2\/types\/product"}],"replies":[{"embeddable":true,"href":"https:\/\/www.microxol.com\/index.php?rest_route=%2Fwp%2Fv2%2Fcomments&post=5856"}],"wp:featuredmedia":[{"embeddable":true,"href":"https:\/\/www.microxol.com\/index.php?rest_route=\/wp\/v2\/media\/5858"}],"wp:attachment":[{"href":"https:\/\/www.microxol.com\/index.php?rest_route=%2Fwp%2Fv2%2Fmedia&parent=5856"}],"wp:term":[{"taxonomy":"product_brand","embeddable":true,"href":"https:\/\/www.microxol.com\/index.php?rest_route=%2Fwp%2Fv2%2Fproduct_brand&post=5856"},{"taxonomy":"product_cat","embeddable":true,"href":"https:\/\/www.microxol.com\/index.php?rest_route=%2Fwp%2Fv2%2Fproduct_cat&post=5856"},{"taxonomy":"product_tag","embeddable":true,"href":"https:\/\/www.microxol.com\/index.php?rest_route=%2Fwp%2Fv2%2Fproduct_tag&post=5856"}],"curies":[{"name":"wp","href":"https:\/\/api.w.org\/{rel}","templated":true}]}}