{"id":5817,"date":"2021-06-21T11:42:50","date_gmt":"2021-06-21T16:42:50","guid":{"rendered":"https:\/\/www.microxol.com.co\/?post_type=product&#038;p=5817"},"modified":"2021-06-21T12:14:11","modified_gmt":"2021-06-21T17:14:11","slug":"mouse-aorus-m3-gaming-rgb","status":"publish","type":"product","link":"https:\/\/www.microxol.com\/?product=mouse-aorus-m3-gaming-rgb","title":{"rendered":"MOUSE  AORUS M3 GAMER RGB"},"content":{"rendered":"<p>AORUS M3<\/p>\n<p>Caracteristicas<\/p>\n<p>Motor \u00f3ptico real de 6400 DPI<br \/>\nInterruptor Omron de 20 millones de clics<br \/>\nRGB Fusion 2.0: sincronice con otros dispositivos AORUS<br \/>\nAjuste de DPI sobre la marcha<br \/>\nPu\u00f1os de goma antideslizantes<br \/>\nPies de rat\u00f3n de tefl\u00f3n<\/p>\n<p>MOUSE PARA JUEGOS AORUS M3<br \/>\nEl dise\u00f1o cl\u00e1sico acaba de mejorar<\/p>\n<p>DESEMPE\u00d1O CONFIABLE<br \/>\nSENSOR \u00d3PTICO REAL DE 6400 DPI<br \/>\nAORUS M3 cuenta con un sensor \u00f3ptico de 6400 DPI de grado entusiasta (Pixart 3988) que le brinda la precisi\u00f3n \u00f3ptima para juegos competitivos. Ajustable en incrementos de 50 DPI, adem\u00e1s, le permite realizar una transici\u00f3n perfecta desde su antiguo mouse al ajustarlo al nivel que se adapte con precisi\u00f3n a su estilo de juego.<\/p>\n","protected":false},"excerpt":{"rendered":"<p>MOUSE AORUS M3 GAMING RGB<\/p>\n<p>ESPECIFICACIONES<\/p>\n<p>Interfaz : USB<br \/>\nSistema de rastreo : Sensor \u00f3ptico para juegos (Pixart 3988)<br \/>\nSensibilidad : 5 0 ~ 6400 ppp con incrementos de 50 ppp (predeterminado: 800\/1600\/2400\/3200 ppp)<br \/>\nCuadros por segundo : Hasta 12500 cuadros \/ segundo<br \/>\nDesplazamiento : Est\u00e1ndar (3D)<\/p>\n","protected":false},"featured_media":5819,"comment_status":"closed","ping_status":"closed","template":"","meta":{"kt_blocks_editor_width":""},"product_brand":[],"product_cat":[11,31],"product_tag":[],"class_list":{"0":"post-5817","1":"product","2":"type-product","3":"status-publish","4":"has-post-thumbnail","6":"product_cat-accesorios","7":"product_cat-mouse","9":"first","10":"instock","11":"shipping-taxable","12":"purchasable","13":"product-type-simple"},"_links":{"self":[{"href":"https:\/\/www.microxol.com\/index.php?rest_route=\/wp\/v2\/product\/5817","targetHints":{"allow":["GET"]}}],"collection":[{"href":"https:\/\/www.microxol.com\/index.php?rest_route=\/wp\/v2\/product"}],"about":[{"href":"https:\/\/www.microxol.com\/index.php?rest_route=\/wp\/v2\/types\/product"}],"replies":[{"embeddable":true,"href":"https:\/\/www.microxol.com\/index.php?rest_route=%2Fwp%2Fv2%2Fcomments&post=5817"}],"wp:featuredmedia":[{"embeddable":true,"href":"https:\/\/www.microxol.com\/index.php?rest_route=\/wp\/v2\/media\/5819"}],"wp:attachment":[{"href":"https:\/\/www.microxol.com\/index.php?rest_route=%2Fwp%2Fv2%2Fmedia&parent=5817"}],"wp:term":[{"taxonomy":"product_brand","embeddable":true,"href":"https:\/\/www.microxol.com\/index.php?rest_route=%2Fwp%2Fv2%2Fproduct_brand&post=5817"},{"taxonomy":"product_cat","embeddable":true,"href":"https:\/\/www.microxol.com\/index.php?rest_route=%2Fwp%2Fv2%2Fproduct_cat&post=5817"},{"taxonomy":"product_tag","embeddable":true,"href":"https:\/\/www.microxol.com\/index.php?rest_route=%2Fwp%2Fv2%2Fproduct_tag&post=5817"}],"curies":[{"name":"wp","href":"https:\/\/api.w.org\/{rel}","templated":true}]}}