{"id":5675,"date":"2021-06-03T16:21:01","date_gmt":"2021-06-03T21:21:01","guid":{"rendered":"https:\/\/www.microxol.com.co\/?post_type=product&#038;p=5675"},"modified":"2021-06-03T16:23:02","modified_gmt":"2021-06-03T21:23:02","slug":"camara-logitech-c920e","status":"publish","type":"product","link":"https:\/\/www.microxol.com\/?product=camara-logitech-c920e","title":{"rendered":"CAMARA LOGITECH C920E"},"content":{"rendered":"<header>\n<nav class=\"secondary-nav-container theme-dark\" aria-label=\"Navegaci\u00f3n secundaria\">\n<div class=\"component-secondary-nav\" data-bg=\"rgba(0, 0, 0, 0)\">\n<div class=\"container\">\n<div class=\"relative-wrapper\">\n<div class=\"primary\">\n<div class=\"navBtns\">\n<div class=\"component-cta-button hidden-xs hidden-sm\">\n<div id=\"cta-ia4f3455f1e2a238a583b603b6bd5aba1\" class=\"pangea-cmp ctas-ctn js-pangea-ctas-ctn aem-margin-options accent-color-white pangea-component-top-element\" data-layout-desktop=\"stacked\" data-layout-tablet=\"stacked\" data-match-widths=\"false\" data-display-inline=\"false\">\n<div class=\"aem-content-ctn \">\n<div id=\"cta-ia4f3455f1e2a238a583b603b6bd5aba1-padding-options\" class=\"aem-padding-options \">\n<h5 class=\"content-ctn\">CAMARA WEB LOGITECH C920<\/h5>\n<\/div>\n<\/div>\n<\/div>\n<\/div>\n<\/div>\n<\/div>\n<\/div>\n<\/div>\n<\/div>\n<\/nav>\n<\/header>\n<div class=\"banner-wrapper\">\n<section id=\"banner_copy_1460312208-i195e3fa0adb1966d4fd3ce59f18dea05\" class=\"pangea-cmp banner js-pangea-banner dbgsize-cover tbgsize-cover mbgsize-cover dbgc-marin tbgc-marin mbgc-marin dbgpos-center tbgpos-center mbgpos-bottom init-ready pangea-component-top-element\" data-fg-img-tablet=\"https:\/\/resource.logitech.com\/w_929,c_limit,q_auto,f_auto,dpr_1.0\/content\/dam\/logitech\/en\/products\/video-conferencing\/cat5e-kit-for-tap\/hero-tablet-mobile-v2.png?v=1\" data-fg-img-mobile=\"https:\/\/resource.logitech.com\/w_525,c_limit,q_auto,f_auto,dpr_1.0\/content\/dam\/logitech\/en\/products\/video-conferencing\/cat5e-kit-for-tap\/hero-tablet-mobile-v2.png?v=1\" data-bg-img-desktop=\"https:\/\/resource.logitech.com\/w_1800,h_1800,c_limit,q_auto,f_auto,dpr_1.0\/content\/dam\/logitech\/en\/products\/video-conferencing\/c920e\/c920e-hero-desktop.png?v=1\" data-bg-img-tablet=\"https:\/\/resource.logitech.com\/w_1024,h_1366,c_limit,q_auto,f_auto,dpr_1.0\/content\/dam\/logitech\/en\/products\/video-conferencing\/c920e\/c920e-hero-tablet.png?v=1\" data-bg-img-mobile=\"https:\/\/resource.logitech.com\/w_420,h_1024,c_limit,q_auto,f_auto,dpr_1.0\/content\/dam\/logitech\/en\/products\/video-conferencing\/c920e\/c920e-hero-mobile.png?v=1\" data-size-desktop=\"size-full\" data-size-tablet=\"size-75vh\" data-size-mobile=\"size-75vh\" data-theme-desktop=\"theme-light\" data-theme-tablet=\"theme-light\" data-theme-mobile=\"theme-light\" data-video-display-mode-desktop=\"inline\" data-video-display-mode-tablet=\"inline\" data-video-display-mode-mobile=\"inline\" data-video-host=\"youtube\" data-video-ar=\"16x9\" data-video-play-btn-desktop=\"center\" data-video-play-btn-tablet=\"center\" data-video-play-btn-mobile=\"center\" data-gradient-desktop=\"none\" data-gradient-opacity-desktop=\"50\" data-gradient-tablet=\"none\" data-gradient-opacity-tablet=\"50\" data-gradient-mobile=\"none\" data-gradient-opacity-mobile=\"50\" data-layout-desktop=\"txt-left-img-right\" data-layout-tablet=\"txt-top-img-bot\" data-layout-mobile=\"txt-top-img-bot\" data-layout-copy-width=\"4\" data-layout-copy-offset=\"0\" data-layout-img-width=\"2\" data-layout-img-offset=\"1\" data-text-align-desktop=\"left\" data-text-align-tablet=\"center\" data-text-align-mobile=\"center\" data-vert-align-content-desktop=\"center\" data-vert-align-tablet=\"top\" data-vert-align-mobile=\"top\" data-vert-align-items-desktop=\"center\" data-display-mode-tablet=\"overlaid\" data-display-mode-mobile=\"overlaid\" data-fg-img-desktop=\"\" data-fg-img-align-desktop=\"\" data-fg-img-align-tablet=\"\" data-fg-img-align-mobile=\"\" data-fg-img-alt=\"\" data-bg-align-desktop=\"center\" data-bg-align-tablet=\"\" data-bg-align-mobile=\"\" data-bg-color-desktop=\"black\" data-bg-color-tablet=\"\" data-bg-color-mobile=\"\" data-bg-size-desktop=\"cover\" data-bg-size-tablet=\"\" data-bg-size-mobile=\"\" data-video-id=\"\" data-bg-video-desktop=\"\" data-bg-video-tablet=\"\" data-bg-video-mobile=\"\" data-layout-copy-width-inner=\"\" data-body-icon-desktop=\"\" data-body-icon-tablet=\"\" data-body-icon-mobile=\"\" data-body-icon-position=\"\" data-visible-desktop=\"true\" data-visible-tablet=\"true\" data-visible-mobile=\"true\">\n<div class=\"container js-banner-main-ctn\">\n<div id=\"banner_copy_1460312208-i195e3fa0adb1966d4fd3ce59f18dea05-padding-options\" class=\"grid js-banner-main-grid aem-padding-options dptauto tpbauto\">\n<div class=\"banner-copy-ctn\">\n<div class=\"banner-extra-content below\">\n<div class=\"parsys-ctn\">\n<div id=\"section-i7272f8594d06267919e4f84c6f0172a9\" class=\"pangea-cmp section-container js-pangea-section-container aem-margin-options dbgsize-cover tbgsize-cover mbgsize-cover dbgpos-center tbgpos-center mbgpos-center\" data-size-desktop=\"size-auto\" data-size-tablet=\"size-auto\" data-size-mobile=\"size-auto\" data-visible-desktop=\"true\" data-visible-tablet=\"true\" data-visible-mobile=\"true\">\n<div class=\"content-ctn aem-content-ctn no-container\">\n<div id=\"section-i7272f8594d06267919e4f84c6f0172a9-padding-options\" class=\"aem-padding-options dpbs tpbs mpbs\">\n<div id=\"text_editable-ib9819a0a9c0f4f8442a0d16e9a3cdd2a\" class=\"pangea-cmp body-copy aem-margin-options font-size-normal font-brown-light dc-black tc-black mc-black\" data-align-desktop=\"left\" data-align-tablet=\"center\" data-align-mobile=\"center\">\n<div class=\"aem-content-ctn no-container\">\n<div id=\"text_editable-ib9819a0a9c0f4f8442a0d16e9a3cdd2a-padding-options\" class=\"aem-padding-options \">\n<div class=\"content-ctn rte-field text-width-normal\">\n<div id=\"layout_662503505-i88b9191e3c6c0a727f1f2743eee67391\" class=\"pangea-cmp layout js-pangea-layout aem-margin-options content-ctn dmbl tmtl tmbl mmtl mmbl inited\" data-vert-align-desktop=\"grid-align-top\" data-vert-align-tablet=\"grid-align-top\" data-vert-align-mobile=\"grid-align-top\" data-horz-align-desktop=\"center\" data-horz-align-tablet=\"center\" data-horz-align-mobile=\"center\" data-create-rows-desktop=\"true\" data-create-rows-tablet=\"true\" data-create-rows-mobile=\"true\" data-direction-desktop=\"horizontal\" data-direction-tablet=\"horizontal\" data-direction-mobile=\"horizontal\" data-row-gutter-desktop=\"true\" data-row-gutter-tablet=\"true\" data-row-gutter-mobile=\"true\" data-reverse-order-tablet=\"false\" data-reverse-order-mobile=\"false\" data-cols-desktop=\"1\" data-cols-tablet=\"1\" data-cols-mobile=\"1\" data-grid-padding-desktop=\"3\" data-grid-padding-tablet=\"1\" data-grid-padding-mobile=\"0\" data-col-padding-desktop=\"0\" data-col-padding-tablet=\"0\" data-col-padding-mobile=\"0\" data-context-desktop=\"12\" data-context-tablet=\"8\" data-context-mobile=\"4\" data-gutter-desktop=\"true\" data-gutter-tablet=\"true\" data-gutter-mobile=\"true\" data-advanced-desktop=\"\" data-advanced-tablet=\"\" data-advanced-mobile=\"\">\n<div class=\"aem-content-ctn container\">\n<div class=\"aem-padding-options \">\n<div class=\"grid js-grid grid-align-top\">\n<div class=\"js-col\">\n<div id=\"text_editable-idb6499f6e72278297364fffac347dad5\" class=\"pangea-cmp body-copy aem-margin-options font-size-normal font-brown-light dc-kohle tc-kohle mc-kohle\" data-align-desktop=\"center\" data-align-tablet=\"center\" data-align-mobile=\"center\">\n<div class=\"aem-content-ctn container-xl\">\n<div id=\"text_editable-idb6499f6e72278297364fffac347dad5-padding-options\" class=\"aem-padding-options \">\n<div class=\"content-ctn rte-field text-width-normal\">\n<p>C920e es una c\u00e1mara web HD 1080p para trabajar desde cualquier sitio que supera la calidad de video y sonido proporcionada por la mayor\u00eda de laptops. Da el salto a la colaboraci\u00f3n con video de calidad profesional a un precio ideal para la implementaci\u00f3n en masa.<\/p>\n<p>C920e es ideal para mostrar individuos en un encuadre bien equilibrado. El campo visual fijo de 78\u00b0 captura una vista perfecta del usuario y su entorno a la vez que proporciona suficiente espacio para compartir visualmente proyectos y otros elementos de inter\u00e9s.<\/p>\n<p>C920e incluye dos micr\u00f3fonos omnidireccionales integrados que se pueden activar f\u00e1cilmente con la aplicaci\u00f3n Logi Tune para escritorio. Cuando se activan, los micr\u00f3fonos est\u00e1n optimizados para capturar audio claramente hasta a un metro de distancia.<\/p>\n<\/div>\n<\/div>\n<\/div>\n<\/div>\n<\/div>\n<\/div>\n<\/div>\n<\/div>\n<\/div>\n<\/div>\n<\/div>\n<\/div>\n<\/div>\n<\/div>\n<\/div>\n<\/div>\n<\/div>\n<\/div>\n<\/div>\n<\/div>\n<\/div>\n<\/section>\n<\/div>\n<p>&nbsp;<\/p>\n","protected":false},"excerpt":{"rendered":"<p><span style=\"color: #333300;\">CAMARA LOGITECH C920E<\/span><\/p>\n<p>C920e es una c\u00e1mara web HD 1080p para trabajar desde cualquier sitio que supera la calidad de video y sonido proporcionada por la mayor\u00eda de laptops<\/p>\n<h5 class=\"h3 \">NITIDEZ AUTOM\u00c1TICA<\/h5>\n<p>El enfoque autom\u00e1tico HD incorporado garantiza que otros te vean claramente en todas tus videollamadas. Combinado con la correcci\u00f3n autom\u00e1tica de iluminaci\u00f3n y los componentes \u00f3pticos, la C920e te ayuda a ofrecer tu mejor imagen en todas tus reuniones con video.<\/p>\n","protected":false},"featured_media":5676,"comment_status":"closed","ping_status":"closed","template":"","meta":{"kt_blocks_editor_width":""},"product_brand":[],"product_cat":[11,192,194,193],"product_tag":[],"class_list":{"0":"post-5675","1":"product","2":"type-product","3":"status-publish","4":"has-post-thumbnail","6":"product_cat-accesorios","7":"product_cat-camaras-accesorios","8":"product_cat-camaras-web-accesorios-2","9":"product_cat-camaras-web-accesorios","11":"first","12":"instock","13":"shipping-taxable","14":"purchasable","15":"product-type-simple"},"_links":{"self":[{"href":"https:\/\/www.microxol.com\/index.php?rest_route=\/wp\/v2\/product\/5675","targetHints":{"allow":["GET"]}}],"collection":[{"href":"https:\/\/www.microxol.com\/index.php?rest_route=\/wp\/v2\/product"}],"about":[{"href":"https:\/\/www.microxol.com\/index.php?rest_route=\/wp\/v2\/types\/product"}],"replies":[{"embeddable":true,"href":"https:\/\/www.microxol.com\/index.php?rest_route=%2Fwp%2Fv2%2Fcomments&post=5675"}],"wp:featuredmedia":[{"embeddable":true,"href":"https:\/\/www.microxol.com\/index.php?rest_route=\/wp\/v2\/media\/5676"}],"wp:attachment":[{"href":"https:\/\/www.microxol.com\/index.php?rest_route=%2Fwp%2Fv2%2Fmedia&parent=5675"}],"wp:term":[{"taxonomy":"product_brand","embeddable":true,"href":"https:\/\/www.microxol.com\/index.php?rest_route=%2Fwp%2Fv2%2Fproduct_brand&post=5675"},{"taxonomy":"product_cat","embeddable":true,"href":"https:\/\/www.microxol.com\/index.php?rest_route=%2Fwp%2Fv2%2Fproduct_cat&post=5675"},{"taxonomy":"product_tag","embeddable":true,"href":"https:\/\/www.microxol.com\/index.php?rest_route=%2Fwp%2Fv2%2Fproduct_tag&post=5675"}],"curies":[{"name":"wp","href":"https:\/\/api.w.org\/{rel}","templated":true}]}}