{"id":4992,"date":"2021-01-11T19:59:20","date_gmt":"2021-01-12T00:59:20","guid":{"rendered":"https:\/\/www.microxol.com.co\/?post_type=product&#038;p=4992"},"modified":"2021-01-11T22:27:29","modified_gmt":"2021-01-12T03:27:29","slug":"patch-cord-12m-cat-5e","status":"publish","type":"product","link":"https:\/\/www.microxol.com\/?product=patch-cord-12m-cat-5e","title":{"rendered":"PATCH CORD 1,2m CAT 5E"},"content":{"rendered":"<p>Est\u00e1n construidos con cable UTP 100% Cobre, sus terminales son de pl\u00e1stico resistente y flexible evitando que se parta, las botas de protecci\u00f3n tienen un novedoso y ergon\u00f3mico dise\u00f1o.<\/p>\n<p>Nuestro proceso de ponchado hace la diferencia entre los dem\u00e1s fabricantes, usted lo puede comprobar examinando los acabados del cable, las botas y sus terminales<\/p>\n","protected":false},"excerpt":{"rendered":"<p>Est\u00e1n construidos con cable UTP 100% Cobre, sus terminales son de pl\u00e1stico resistente y flexible evitando que se parta, las botas de protecci\u00f3n tienen un novedoso y ergon\u00f3mico dise\u00f1o.<\/p>\n","protected":false},"featured_media":4993,"comment_status":"closed","ping_status":"closed","template":"","meta":{"kt_blocks_editor_width":""},"product_brand":[],"product_cat":[137,106],"product_tag":[],"class_list":{"0":"post-4992","1":"product","2":"type-product","3":"status-publish","4":"has-post-thumbnail","6":"product_cat-cableado","7":"product_cat-redes","9":"first","10":"instock","11":"shipping-taxable","12":"purchasable","13":"product-type-simple"},"_links":{"self":[{"href":"https:\/\/www.microxol.com\/index.php?rest_route=\/wp\/v2\/product\/4992","targetHints":{"allow":["GET"]}}],"collection":[{"href":"https:\/\/www.microxol.com\/index.php?rest_route=\/wp\/v2\/product"}],"about":[{"href":"https:\/\/www.microxol.com\/index.php?rest_route=\/wp\/v2\/types\/product"}],"replies":[{"embeddable":true,"href":"https:\/\/www.microxol.com\/index.php?rest_route=%2Fwp%2Fv2%2Fcomments&post=4992"}],"wp:featuredmedia":[{"embeddable":true,"href":"https:\/\/www.microxol.com\/index.php?rest_route=\/wp\/v2\/media\/4993"}],"wp:attachment":[{"href":"https:\/\/www.microxol.com\/index.php?rest_route=%2Fwp%2Fv2%2Fmedia&parent=4992"}],"wp:term":[{"taxonomy":"product_brand","embeddable":true,"href":"https:\/\/www.microxol.com\/index.php?rest_route=%2Fwp%2Fv2%2Fproduct_brand&post=4992"},{"taxonomy":"product_cat","embeddable":true,"href":"https:\/\/www.microxol.com\/index.php?rest_route=%2Fwp%2Fv2%2Fproduct_cat&post=4992"},{"taxonomy":"product_tag","embeddable":true,"href":"https:\/\/www.microxol.com\/index.php?rest_route=%2Fwp%2Fv2%2Fproduct_tag&post=4992"}],"curies":[{"name":"wp","href":"https:\/\/api.w.org\/{rel}","templated":true}]}}