{"id":4913,"date":"2020-12-16T12:01:19","date_gmt":"2020-12-16T17:01:19","guid":{"rendered":"https:\/\/www.microxol.com.co\/?post_type=product&#038;p=4913"},"modified":"2021-12-13T10:26:30","modified_gmt":"2021-12-13T15:26:30","slug":"switch-tp-link-16-puertos-tl-sg1016d-rack","status":"publish","type":"product","link":"https:\/\/www.microxol.com\/?product=switch-tp-link-16-puertos-tl-sg1016d-rack","title":{"rendered":"SWITCH TP-LINK 16 PUERTOS TL-SG1016D\/RACK"},"content":{"rendered":"<div class=\"overview-article bg-gray\">\n<div class=\"container width-960px padding-default\">\n<h3>Para qu\u00e9 sirve este producto<\/h3>\n<p>El Switch TL-SG1016D it Ethernet le ofrece una actualizaci\u00f3n de alto rendimiento a bajo costo, f\u00e1cil de usar, sin fisuras y est\u00e1ndar para mejorar la red antigua a una red de 1000Mbps. Todos sus 16 puertos soportan auto MDI \/ MDIX; por lo que no hay necesidad de preocuparse por el tipo de cable, s\u00f3lo tiene que enchufar y listo. Por otra parte, con su innovadora tecnolog\u00eda de eficiencia energ\u00e9tica, el TL-SG1016D puede ahorrar en el consumo de energ\u00eda siendo as\u00ed una soluci\u00f3n ecol\u00f3gica para su red de negocios.<\/p>\n<\/div>\n<\/div>\n<div class=\"overview-article\">\n<div class=\"container width-960px padding-default\">\n<h3>Tecnolog\u00eda de eficiencia energ\u00e9tica de TP-LINK<\/h3>\n<p>Este switch Gigabit TL-SG1016D de nueva generaci\u00f3n cuenta con las \u00faltimas tecnolog\u00edas innovadoras de eficiencia energ\u00e9tica que pueden ampliar en gran medida su capacidad de red con mucha menos potencia. Se ajusta autom\u00e1ticamente el consumo de energ\u00eda de acuerdo con el estado del enlace para limitar la huella de carbono de su red. Tambi\u00e9n cumple con la DE RoHS de la UE, que proh\u00edbe el uso de ciertos materiales peligrosos. Adem\u00e1s, la mayor\u00eda del material de embalaje puede ser reciclado.<\/p>\n<\/div>\n<\/div>\n","protected":false},"excerpt":{"rendered":"<h4 class=\"product-name\"><\/h4>\n<div class=\"box title\">\n<h4>Switch con 16 puertos<\/h4>\n<h4 class=\"product-name\">TL-SG1016D<\/h4>\n<\/div>\n<div class=\"box highlights\">\n<ul>\n<li>16 puertos a 10\/100\/1000 Mbps<\/li>\n<li>Innovadora tecnolog\u00eda de eficiencia energ\u00e9tica que ahorra\u00a0energ\u00eda<\/li>\n<li>Soporta aprendizaje de direcciones MAC (Auto-Learning) y negociaci\u00f3n MDI\/MDIX autom\u00e1tica<\/li>\n<li>Dise\u00f1o Plug &amp; Play<\/li>\n<\/ul>\n<\/div>\n","protected":false},"featured_media":4914,"comment_status":"closed","ping_status":"closed","template":"","meta":{"kt_blocks_editor_width":""},"product_brand":[],"product_cat":[106,135],"product_tag":[],"class_list":{"0":"post-4913","1":"product","2":"type-product","3":"status-publish","4":"has-post-thumbnail","6":"product_cat-redes","7":"product_cat-switches","9":"first","10":"instock","11":"shipping-taxable","12":"purchasable","13":"product-type-simple"},"_links":{"self":[{"href":"https:\/\/www.microxol.com\/index.php?rest_route=\/wp\/v2\/product\/4913","targetHints":{"allow":["GET"]}}],"collection":[{"href":"https:\/\/www.microxol.com\/index.php?rest_route=\/wp\/v2\/product"}],"about":[{"href":"https:\/\/www.microxol.com\/index.php?rest_route=\/wp\/v2\/types\/product"}],"replies":[{"embeddable":true,"href":"https:\/\/www.microxol.com\/index.php?rest_route=%2Fwp%2Fv2%2Fcomments&post=4913"}],"wp:featuredmedia":[{"embeddable":true,"href":"https:\/\/www.microxol.com\/index.php?rest_route=\/wp\/v2\/media\/4914"}],"wp:attachment":[{"href":"https:\/\/www.microxol.com\/index.php?rest_route=%2Fwp%2Fv2%2Fmedia&parent=4913"}],"wp:term":[{"taxonomy":"product_brand","embeddable":true,"href":"https:\/\/www.microxol.com\/index.php?rest_route=%2Fwp%2Fv2%2Fproduct_brand&post=4913"},{"taxonomy":"product_cat","embeddable":true,"href":"https:\/\/www.microxol.com\/index.php?rest_route=%2Fwp%2Fv2%2Fproduct_cat&post=4913"},{"taxonomy":"product_tag","embeddable":true,"href":"https:\/\/www.microxol.com\/index.php?rest_route=%2Fwp%2Fv2%2Fproduct_tag&post=4913"}],"curies":[{"name":"wp","href":"https:\/\/api.w.org\/{rel}","templated":true}]}}