{"id":4908,"date":"2020-12-14T09:31:42","date_gmt":"2020-12-14T14:31:42","guid":{"rendered":"https:\/\/www.microxol.com.co\/?post_type=product&#038;p=4908"},"modified":"2021-10-09T16:44:19","modified_gmt":"2021-10-09T21:44:19","slug":"switch-tp-link-16-puertos-tl-sf1016d","status":"publish","type":"product","link":"https:\/\/www.microxol.com\/?product=switch-tp-link-16-puertos-tl-sf1016d","title":{"rendered":"SWITCH TP-LINK 24  PUERTOS TL-SF1024D"},"content":{"rendered":"<h3><\/h3>\n<div class=\"overview-article\">\n<div class=\"container width-960px padding-default\">\n<p>Esta nueva generaci\u00f3n de switch 10\/100Mbps de 24 puertos TL-SF1024D cuenta con las \u00faltimas tecnolog\u00edas de eficiencia energ\u00e9tica que pueden ampliar en gran medida su capacidad de red con mucha menos potencia. Se ajusta autom\u00e1ticamente el consumo de energ\u00eda de acuerdo con el estado del enlace y la longitud del cable para limitar la huella de carbono de su red. Tambi\u00e9n cumple con la normativa europea RoHS, que proh\u00edbe el uso de ciertos materiales peligrosos. Adem\u00e1s, el 80% del material de embalaje puede ser reciclado.<\/p>\n<\/div>\n<\/div>\n<div class=\"overview-article bg-gray\">\n<div class=\"container width-960px padding-default\">\n<h3>Alto Rendimiento<\/h3>\n<p>El dise\u00f1o de la caja de acero de montaje en rack en combinaci\u00f3n con una fuente de alimentaci\u00f3n interna con homologaci\u00f3n de seguridad, hacen de este switch un producto m\u00e1s robusto y muy rentable para un entorno de menos de 16 usuarios. Con una arquitectura de conmutaci\u00f3n sin bloqueo, el TL-SF1024D env\u00eda y filtra paquetes a velocidad de cable para un m\u00e1ximo rendimiento. Y el control de flujo IEEE 802.3x para modo Full Duplex y contrapresi\u00f3n para modo Half Duplex alivian la congesti\u00f3n del tr\u00e1fico y hacen que el TL-SF1024D funcione de forma fiable<\/p>\n<\/div>\n<\/div>\n<h3 style=\"font-weight: 500;\"><\/h3>\n","protected":false},"excerpt":{"rendered":"<div class=\"box title\">\n<div>\n<h4 class=\"product-name\">SWITCH TL-SF1024D<\/h4>\n<\/div>\n<h4>Switch De 24 puertos Fast Ethernet de escritorio y para montaje en rack<\/h4>\n<\/div>\n<div class=\"box highlights\">\n<ul>\n<li>24 puertos RJ45 de 10\/100M.<\/li>\n<li>La tecnolog\u00eda innovadora de eficiencia energ\u00e9tica ahorra energ\u00eda de hasta del 75%<\/li>\n<li>Soporta el auto-aprendizaje de direcciones MAC y auto MDI\/MDIX.<\/li>\n<li>Cubierta de acero de 13 pulgadas est\u00e1ndar.<\/li>\n<\/ul>\n<\/div>\n","protected":false},"featured_media":4911,"comment_status":"closed","ping_status":"closed","template":"","meta":{"kt_blocks_editor_width":""},"product_brand":[],"product_cat":[106,135],"product_tag":[],"class_list":{"0":"post-4908","1":"product","2":"type-product","3":"status-publish","4":"has-post-thumbnail","6":"product_cat-redes","7":"product_cat-switches","9":"first","10":"instock","11":"shipping-taxable","12":"purchasable","13":"product-type-simple"},"_links":{"self":[{"href":"https:\/\/www.microxol.com\/index.php?rest_route=\/wp\/v2\/product\/4908","targetHints":{"allow":["GET"]}}],"collection":[{"href":"https:\/\/www.microxol.com\/index.php?rest_route=\/wp\/v2\/product"}],"about":[{"href":"https:\/\/www.microxol.com\/index.php?rest_route=\/wp\/v2\/types\/product"}],"replies":[{"embeddable":true,"href":"https:\/\/www.microxol.com\/index.php?rest_route=%2Fwp%2Fv2%2Fcomments&post=4908"}],"wp:featuredmedia":[{"embeddable":true,"href":"https:\/\/www.microxol.com\/index.php?rest_route=\/wp\/v2\/media\/4911"}],"wp:attachment":[{"href":"https:\/\/www.microxol.com\/index.php?rest_route=%2Fwp%2Fv2%2Fmedia&parent=4908"}],"wp:term":[{"taxonomy":"product_brand","embeddable":true,"href":"https:\/\/www.microxol.com\/index.php?rest_route=%2Fwp%2Fv2%2Fproduct_brand&post=4908"},{"taxonomy":"product_cat","embeddable":true,"href":"https:\/\/www.microxol.com\/index.php?rest_route=%2Fwp%2Fv2%2Fproduct_cat&post=4908"},{"taxonomy":"product_tag","embeddable":true,"href":"https:\/\/www.microxol.com\/index.php?rest_route=%2Fwp%2Fv2%2Fproduct_tag&post=4908"}],"curies":[{"name":"wp","href":"https:\/\/api.w.org\/{rel}","templated":true}]}}