{"id":4874,"date":"2020-12-01T19:59:57","date_gmt":"2020-12-02T00:59:57","guid":{"rendered":"https:\/\/www.microxol.com.co\/?post_type=product&#038;p=4874"},"modified":"2025-01-07T12:33:27","modified_gmt":"2025-01-07T17:33:27","slug":"tablet-lenovo-yoga-smart-tab","status":"publish","type":"product","link":"https:\/\/www.microxol.com\/?product=tablet-lenovo-yoga-smart-tab","title":{"rendered":"PORTATIL LENOVO THINKBOOK 14 G6 CORPORATIVO  AMD RYZEN  5 7430U"},"content":{"rendered":"<p>PROCESADOR<br \/>\nAMD Ryzen 5 7430U<br \/>\n4NUCLEOS\/ 8 HILOS 3.8GHz<\/p>\n<p><strong>MEMORIA RAM 16GB \u00a0DDR4-3200<\/strong><br \/>\nDISCO DURO 512GB SSD M.2 2242 NVMe<\/p>\n<p>PANTALLA14&#8243; FHD (1920&#215;1080), TN, 220 nits, antirreflejos, 45% NTSC<br \/>\nTARJETA DE VIDEP AMD Radeon Graphics (integrated)<br \/>\nC\u00c1MARA WEB 720pTapa de privacidad de la c\u00e1mara web<br \/>\nLECTOR DE HUELLAS<br \/>\nCONECTIVIDAD:<br \/>\nEthernet RJ45Gigabit Ethernet, Realtek RTL8111H-CG, 1x RJ-45, supports Wake-on-LAN<br \/>\nWLAN + Bluetooth 802.11ac 2&#215;2 Wi-Fi + Bluetooth 5.1, M.2 card<\/p>\n<p>PUERTOS USB 3.2 tipo C de 1.\u00aa generaci\u00f3n (USB\/DP\/PD)<br \/>\nUSB 3.2 de 1.\u00aa generaci\u00f3n (tipo C )2 USB tipo A 3.1 (1 siempre activo)<br \/>\nHDMIRJ451x Card reader Toma combinada para auriculares y micr\u00f3fono<\/p>\n<p>SONIDO<br \/>\nStereo speakers, 2W x2, Dolby\u00ae Audio\u2122<br \/>\nHigh Definition (HD) Audio, Realtek\u00ae ALC3287 codec<\/p>\n<p>TECLADO<br \/>\nTeclado: Almohadilla t\u00e1ctil de precisi\u00f3n<br \/>\nMouse: TouchPad de una sola pieza<\/p>\n<p><strong>SISTEMA OPERATIVO WINDOWS 11 PRO<\/strong><\/p>\n<p>DIMENSIONES (L. x Al. x An.)<br \/>\n323 x 218 x 17.9 mm (12.72 x 8.58 x 0.7 inches)<br \/>\n1.4 kg (3.09 lbs)<\/p>\n<p>BATER\u00cdA 3Cell 45WH Internal<\/p>\n<p>Power Adapter USB-C de 65 W (compatible con Rapid Charge)<\/p>\n<p>CONTENIDO CAJA<br \/>\nCargador<br \/>\nManuales de usuario<br \/>\nPort\u00e1til<\/p>\n<p>CERTIFICACIONES<br \/>\nCertificaciones verdes<br \/>\nRegistro EPEAT Plata<br \/>\nENERGY STAR 8.0<br \/>\nErP Lote 3<br \/>\nRoHS<br \/>\nMIL-STD-810H military test passed<\/p>\n<p>PRODUCTO : NUEVO<\/p>\n<p>GARANTIA : 12 MESES<\/p>\n<p>&nbsp;<\/p>\n<p><i><em><strong>Consulta por disponibilidad a tu Asesor!!!<\/strong><\/em><\/i><\/p>\n<h4><strong><em>\u00bfNecesitas ayuda? Escribenos Ahora Mismo!<\/em><br \/>\n<em>Email:<\/em><\/strong>\u00a0microxol@hotmail.com<br \/>\n<em><strong>WhatsApp:<\/strong><\/em>\u00a03115229464<\/h4>\n","protected":false},"excerpt":{"rendered":"<p>ThinkBook 14 G6 ACL (14\u201d, AMD) WINDOWS 11PRO<\/p>\n<p>Alta resoluci\u00f3n y luz azul baja<br \/>\nLa pantalla del port\u00e1til Lenovo ThinkBook 14 de 3.\u00aa generaci\u00f3n ofrece una resoluci\u00f3n FHD y una gama de color sRGB al 100 % opcional para conseguir unos gr\u00e1ficos realistas con un contraste y color precisos. Se ha dise\u00f1ado para obtener unos gr\u00e1ficos sin parpadeos y es compatible con T\u00dcV Rheinland Low Blue Light en modelos seleccionados. Puedes elegir un modelo con pantalla t\u00e1ctil para mejorar tu experiencia con una navegaci\u00f3n e interacci\u00f3n intuitivas.<\/p>\n<p>Delgado, ligero y llamativo<br \/>\nEl Lenovo ThinkBook 14 de 3.\u00aa generaci\u00f3n permite que t\u00fa y tus empleados destaqu\u00e9is gracias a su dise\u00f1o elegante y profesional de dos tonos. Sus elegantes biseles ofrecen una relaci\u00f3n pantalla-cuerpo del 85 %. Y con solo 17,9 mm y 1,5 kg, es lo suficientemente delgado y liviano para llevarlo a cualquier parte.<\/p>\n<p>&nbsp;<\/p>\n","protected":false},"featured_media":8732,"comment_status":"closed","ping_status":"closed","template":"","meta":{"kt_blocks_editor_width":""},"product_brand":[],"product_cat":[49,7],"product_tag":[],"class_list":{"0":"post-4874","1":"product","2":"type-product","3":"status-publish","4":"has-post-thumbnail","6":"product_cat-lenovo","7":"product_cat-portatiles","9":"first","10":"instock","11":"shipping-taxable","12":"purchasable","13":"product-type-simple"},"_links":{"self":[{"href":"https:\/\/www.microxol.com\/index.php?rest_route=\/wp\/v2\/product\/4874","targetHints":{"allow":["GET"]}}],"collection":[{"href":"https:\/\/www.microxol.com\/index.php?rest_route=\/wp\/v2\/product"}],"about":[{"href":"https:\/\/www.microxol.com\/index.php?rest_route=\/wp\/v2\/types\/product"}],"replies":[{"embeddable":true,"href":"https:\/\/www.microxol.com\/index.php?rest_route=%2Fwp%2Fv2%2Fcomments&post=4874"}],"wp:featuredmedia":[{"embeddable":true,"href":"https:\/\/www.microxol.com\/index.php?rest_route=\/wp\/v2\/media\/8732"}],"wp:attachment":[{"href":"https:\/\/www.microxol.com\/index.php?rest_route=%2Fwp%2Fv2%2Fmedia&parent=4874"}],"wp:term":[{"taxonomy":"product_brand","embeddable":true,"href":"https:\/\/www.microxol.com\/index.php?rest_route=%2Fwp%2Fv2%2Fproduct_brand&post=4874"},{"taxonomy":"product_cat","embeddable":true,"href":"https:\/\/www.microxol.com\/index.php?rest_route=%2Fwp%2Fv2%2Fproduct_cat&post=4874"},{"taxonomy":"product_tag","embeddable":true,"href":"https:\/\/www.microxol.com\/index.php?rest_route=%2Fwp%2Fv2%2Fproduct_tag&post=4874"}],"curies":[{"name":"wp","href":"https:\/\/api.w.org\/{rel}","templated":true}]}}