{"id":4846,"date":"2020-11-20T18:25:44","date_gmt":"2020-11-20T23:25:44","guid":{"rendered":"https:\/\/www.microxol.com.co\/?post_type=product&#038;p=4846"},"modified":"2024-10-29T17:44:49","modified_gmt":"2024-10-29T22:44:49","slug":"computador-pc-gammer-amd-ryzen-5","status":"publish","type":"product","link":"https:\/\/www.microxol.com\/?product=computador-pc-gammer-amd-ryzen-5","title":{"rendered":"COMPUTADOR GAMER PC  AMD RYZEN 7 5700G"},"content":{"rendered":"<p>PC JANUS AMD RYZEN 7-5700G 3,8 Ghz HASTA 4,6 Ghz \/L3 16MB\/7NM\/8<br \/>\nNUCLEOS\/16 HILOS\/Radeon\u2122 Graphics 2000 MHz,<\/p>\n<p>BOARD A520M, 2 socketCapacidad de memoria del sistema: 128 GB,<\/p>\n<p>DISCO SOLIDO 512GB M.2 PCIEXPRESS<\/p>\n<p>MEMORIA RAM , DDR4 16GB RGB<\/p>\n<p>CAJA JANUS AX-6 GAMER VIDRIO TEMPLADO, 4VENTILADORES ARGB, FUENTE 550W REALES<\/p>\n<p>TECLADO+MOUSE USB<\/p>\n<p><strong>MONITOR\u00a0 LED 27&#8243; FHD HDMI, VGA,<\/strong><\/p>\n<p>TARJETA DE VIDEO GeForce GTX 1650 4GB GDDR6 VENTUS XS OCV1<br \/>\nVELOCIDAD CLOCK N\u00daCLEO 1620 MHz, 12 Gbps, RESOLUCI\u00d3N M\u00c1XIMA<br \/>\nDIGITAL 7680&#215;4320, SALIDA DL-DVI-D x 1 \/ HDMI\u2122 2.0b x 1 \/ DisplayPort x<\/p>\n<p>&nbsp;<\/p>\n<p>&nbsp;<\/p>\n","protected":false},"excerpt":{"rendered":"<p>PC\u00a0 AMD RYZEN 7-5700G<\/p>\n<p>BOARD A520-M<\/p>\n<p>DISCO SOLIDO 512 SSD M.2 PCI EXPRESS,<br \/>\nMEMORIA RAM\u00a0 16GB DDR4<\/p>\n<p>TARJETA DE VIDEO GeForce GTX 1650 4GB GDDR6<\/p>\n<p>CAJA JANUS AX-6\u00a0 GAMING VIDRIO TEMPLADO<\/p>\n<p>FUENTE 350W\u00a0 REALES<\/p>\n<p>MONITOR 27&#8243; FHD -HDMI-VGA<br \/>\nTECLADO Y MOUSE\u00a0 INAL\u00c0MBRICO<\/p>\n<p>&nbsp;<\/p>\n","protected":false},"featured_media":7427,"comment_status":"closed","ping_status":"closed","template":"","meta":{"kt_blocks_editor_width":""},"product_brand":[],"product_cat":[8,138,144,87],"product_tag":[],"class_list":{"0":"post-4846","1":"product","2":"type-product","3":"status-publish","4":"has-post-thumbnail","6":"product_cat-computadores-de-escritorio","7":"product_cat-computadores-gamers","8":"product_cat-gamers-amd","9":"product_cat-janus","11":"first","12":"instock","13":"shipping-taxable","14":"purchasable","15":"product-type-simple"},"_links":{"self":[{"href":"https:\/\/www.microxol.com\/index.php?rest_route=\/wp\/v2\/product\/4846","targetHints":{"allow":["GET"]}}],"collection":[{"href":"https:\/\/www.microxol.com\/index.php?rest_route=\/wp\/v2\/product"}],"about":[{"href":"https:\/\/www.microxol.com\/index.php?rest_route=\/wp\/v2\/types\/product"}],"replies":[{"embeddable":true,"href":"https:\/\/www.microxol.com\/index.php?rest_route=%2Fwp%2Fv2%2Fcomments&post=4846"}],"wp:featuredmedia":[{"embeddable":true,"href":"https:\/\/www.microxol.com\/index.php?rest_route=\/wp\/v2\/media\/7427"}],"wp:attachment":[{"href":"https:\/\/www.microxol.com\/index.php?rest_route=%2Fwp%2Fv2%2Fmedia&parent=4846"}],"wp:term":[{"taxonomy":"product_brand","embeddable":true,"href":"https:\/\/www.microxol.com\/index.php?rest_route=%2Fwp%2Fv2%2Fproduct_brand&post=4846"},{"taxonomy":"product_cat","embeddable":true,"href":"https:\/\/www.microxol.com\/index.php?rest_route=%2Fwp%2Fv2%2Fproduct_cat&post=4846"},{"taxonomy":"product_tag","embeddable":true,"href":"https:\/\/www.microxol.com\/index.php?rest_route=%2Fwp%2Fv2%2Fproduct_tag&post=4846"}],"curies":[{"name":"wp","href":"https:\/\/api.w.org\/{rel}","templated":true}]}}