{"id":4742,"date":"2020-10-14T11:13:56","date_gmt":"2020-10-14T16:13:56","guid":{"rendered":"https:\/\/www.microxol.com.co\/?post_type=product&#038;p=4742"},"modified":"2020-10-14T11:21:56","modified_gmt":"2020-10-14T16:21:56","slug":"cable-hdmi-4k-v1-4-1-8m","status":"publish","type":"product","link":"https:\/\/www.microxol.com\/?product=cable-hdmi-4k-v1-4-1-8m","title":{"rendered":"CABLE HDMI  4K V1.4  1.8M"},"content":{"rendered":"<p>El cable dispone de conectores HDMI (macho) revestidos en oro que ayudan a asegurar una conexi\u00f3n digital de alta calidad capaz de transmitir v\u00eddeo de alta definici\u00f3n y audio multicanal entre dispositivos como reproductores Blu-Ray Disc&#x2122;, televisores de alta definici\u00f3n, reproductores de DVD, DVRs y receptores est\u00e9reo entre otros.<\/p>\n<p>Este cable HDMI de alta calidad soporta totalmente las resoluciones de 1080 p+ hasta 120 Hz de frecuencia de barrido, con colores reales. Para ajustarse a las exigencias de los dispositivos de alta definici\u00f3n del futuro, como resoluciones y tasas de tramas m\u00e1s altas.<\/p>\n","protected":false},"excerpt":{"rendered":"<p><b>Manuf P\/N:\u00a0<\/b>\u00a0CBL-HDMI-V1.4-1.8M<\/p>\n<p><b>Longitud:\u00a0<\/b>\u00a01.8\u00a0mt<\/p>\n<p><b>Tipo:\u00a0<\/b>\u00a0Cable HDMI v1.4<\/p>\n<p><b><strong>Conector<\/strong>:\u00a0<\/b>\u00a0HDMI<\/p>\n<p><b><strong>Resoluci\u00f3n<\/strong>:\u00a0<\/b>\u00a01080p (1920&#215;1080)<\/p>\n","protected":false},"featured_media":4743,"comment_status":"closed","ping_status":"closed","template":"","meta":{"kt_blocks_editor_width":""},"product_brand":[],"product_cat":[11,90],"product_tag":[],"class_list":{"0":"post-4742","1":"product","2":"type-product","3":"status-publish","4":"has-post-thumbnail","6":"product_cat-accesorios","7":"product_cat-cables-y-convertidores","9":"first","10":"instock","11":"shipping-taxable","12":"purchasable","13":"product-type-simple"},"_links":{"self":[{"href":"https:\/\/www.microxol.com\/index.php?rest_route=\/wp\/v2\/product\/4742","targetHints":{"allow":["GET"]}}],"collection":[{"href":"https:\/\/www.microxol.com\/index.php?rest_route=\/wp\/v2\/product"}],"about":[{"href":"https:\/\/www.microxol.com\/index.php?rest_route=\/wp\/v2\/types\/product"}],"replies":[{"embeddable":true,"href":"https:\/\/www.microxol.com\/index.php?rest_route=%2Fwp%2Fv2%2Fcomments&post=4742"}],"wp:featuredmedia":[{"embeddable":true,"href":"https:\/\/www.microxol.com\/index.php?rest_route=\/wp\/v2\/media\/4743"}],"wp:attachment":[{"href":"https:\/\/www.microxol.com\/index.php?rest_route=%2Fwp%2Fv2%2Fmedia&parent=4742"}],"wp:term":[{"taxonomy":"product_brand","embeddable":true,"href":"https:\/\/www.microxol.com\/index.php?rest_route=%2Fwp%2Fv2%2Fproduct_brand&post=4742"},{"taxonomy":"product_cat","embeddable":true,"href":"https:\/\/www.microxol.com\/index.php?rest_route=%2Fwp%2Fv2%2Fproduct_cat&post=4742"},{"taxonomy":"product_tag","embeddable":true,"href":"https:\/\/www.microxol.com\/index.php?rest_route=%2Fwp%2Fv2%2Fproduct_tag&post=4742"}],"curies":[{"name":"wp","href":"https:\/\/api.w.org\/{rel}","templated":true}]}}