{"id":369,"date":"2015-05-14T13:01:50","date_gmt":"2015-05-14T18:01:50","guid":{"rendered":"https:\/\/www.microxol.com.co\/nuevo\/?post_type=product&#038;p=369"},"modified":"2021-04-23T13:56:42","modified_gmt":"2021-04-23T18:56:42","slug":"impresora-epson-l355-multifun-wi-fi","status":"publish","type":"product","link":"https:\/\/www.microxol.com\/?product=impresora-epson-l355-multifun-wi-fi","title":{"rendered":"IMPRESORA HP 315 MULTIFUNCIONAL"},"content":{"rendered":"<p>IMPRESORA HP EKOTANK 315 MULTIFUNCIONAL<\/p>\n<ul>\n<li class=\"aiofunctions\">Impresi\u00f3n, copia , escaneado<\/li>\n<li class=\"prntspdblkmaxa4\">Hasta 19 ppm<\/li>\n<li class=\"facet_feat\">Ink tank system; Scan to PDF<\/li>\n<\/ul>\n<div class=\"description\">\n<div class=\"block widget block-container block-key-selling-points\">\n<div class=\"block-content\">\n<p>Obtenga hasta 8.000 p\u00e1ginas a color o 6.000 p\u00e1ginas en negro con un costo por p\u00e1gina extremamenteImprima miles de p\u00e1ginas con el sistema de tanque de tinta de alta capacidad.<\/p>\n<h5>Restablezca los niveles de tinta con las botellas resellables y nuestro sistema de rellenado sin derrames<\/h5>\n<p>Rellene f\u00e1cilmente su sistema de tanque de tinta con botellas resellables que no se derraman[3].<\/p>\n<h4>Imprima textos m\u00e1s oscuros y m\u00e1s n\u00edtidos y obtenga documentos y fotograf\u00edas sin bordes, resistentes a la decoloraci\u00f3n, que duran hasta 22 veces m\u00e1s<\/h4>\n<\/div>\n<\/div>\n<\/div>\n","protected":false},"excerpt":{"rendered":"<div class=\"block widget block-container block-key-selling-points\">\n<div class=\"block-content\">\n<h5>Imprima textos m\u00e1s oscuros y m\u00e1s n\u00edtidos y obtenga documentos y fotograf\u00edas sin bordes, resistentes a la decoloraci\u00f3n, que duran hasta 22 veces m\u00e1s<\/h5>\n<p>Cuente con textos m\u00e1s oscuros y m\u00e1s n\u00edtidos en cada impresi\u00f3n[4].<\/p>\n<\/div>\n<\/div>\n<div class=\"block widget block-container product-desc-features block-desc-feature\">\n<div class=\"block-content\">\n<ul>\n<li class=\"aiofunctions\">Impresi\u00f3n, copia , escaneado<\/li>\n<li class=\"prntspdblkmaxa4\">Hasta 19 ppm<\/li>\n<li class=\"facet_feat\">Ink tank system; Scan to PDF<\/li>\n<\/ul>\n<\/div>\n<\/div>\n","protected":false},"featured_media":5265,"comment_status":"open","ping_status":"closed","template":"","meta":{"kt_blocks_editor_width":""},"product_brand":[],"product_cat":[93],"product_tag":[],"class_list":{"0":"post-369","1":"product","2":"type-product","3":"status-publish","4":"has-post-thumbnail","6":"product_cat-impresoras-de-inyeccion-2","8":"first","9":"instock","10":"shipping-taxable","11":"purchasable","12":"product-type-simple"},"_links":{"self":[{"href":"https:\/\/www.microxol.com\/index.php?rest_route=\/wp\/v2\/product\/369","targetHints":{"allow":["GET"]}}],"collection":[{"href":"https:\/\/www.microxol.com\/index.php?rest_route=\/wp\/v2\/product"}],"about":[{"href":"https:\/\/www.microxol.com\/index.php?rest_route=\/wp\/v2\/types\/product"}],"replies":[{"embeddable":true,"href":"https:\/\/www.microxol.com\/index.php?rest_route=%2Fwp%2Fv2%2Fcomments&post=369"}],"wp:featuredmedia":[{"embeddable":true,"href":"https:\/\/www.microxol.com\/index.php?rest_route=\/wp\/v2\/media\/5265"}],"wp:attachment":[{"href":"https:\/\/www.microxol.com\/index.php?rest_route=%2Fwp%2Fv2%2Fmedia&parent=369"}],"wp:term":[{"taxonomy":"product_brand","embeddable":true,"href":"https:\/\/www.microxol.com\/index.php?rest_route=%2Fwp%2Fv2%2Fproduct_brand&post=369"},{"taxonomy":"product_cat","embeddable":true,"href":"https:\/\/www.microxol.com\/index.php?rest_route=%2Fwp%2Fv2%2Fproduct_cat&post=369"},{"taxonomy":"product_tag","embeddable":true,"href":"https:\/\/www.microxol.com\/index.php?rest_route=%2Fwp%2Fv2%2Fproduct_tag&post=369"}],"curies":[{"name":"wp","href":"https:\/\/api.w.org\/{rel}","templated":true}]}}