{"id":243,"date":"2015-05-07T14:50:01","date_gmt":"2015-05-07T19:50:01","guid":{"rendered":"https:\/\/www.microxol.com.co\/nuevo\/?post_type=product&#038;p=243"},"modified":"2023-06-07T16:13:29","modified_gmt":"2023-06-07T21:13:29","slug":"fuente-de-poder-850w-corsair","status":"publish","type":"product","link":"https:\/\/www.microxol.com\/?product=fuente-de-poder-850w-corsair","title":{"rendered":"FUENTE DE PODER  CORSAIR RM850E 80 PLUS GOLD FULL MODULAR"},"content":{"rendered":"<div class=\"PDP_product-info__2pnEc\">\n<div class=\"PDP_pdp-info-wrap__3_rPF\">\n<div>Las fuentes de alimentaci\u00f3n totalmente modulares CORSAIR RM Series proporcionan una potencia eficiente con certificaci\u00f3n 80 PLUS Gold a su PC, con un funcionamiento pr\u00e1cticamente silencioso.<\/div>\n<div>\n<h5 class=\"h1\">FUENTE DE ALIMENTACI\u00d3N RM850<\/h5>\n<p class=\"white\">POTENCIA Y EFICIENCIA CON CERTIFICACI\u00d3N GOLD<\/p>\n<h5 class=\"h1 blue\">OPTIMIZADA PARA UN FUNCIONAMIENTO PR\u00c1CTICAMENTE SIN RUIDO<\/h5>\n<p>Un ventilador de 135\u00a0mm con rodamiento de rifle y una curva calculada especialmente garantiza que, incluso a toda potencia, el ruido del ventilador se mantenga al m\u00ednimo. Durante las cargas bajas y medias, el ventilador se detiene por completo hasta que vuelve a ser necesario, por lo que el funcionamiento es pr\u00e1cticamente silencioso.<\/p>\n<\/div>\n<\/div>\n<\/div>\n","protected":false},"excerpt":{"rendered":"<p>Las fuentes de alimentaci\u00f3n totalmente modulares CORSAIR RM Series proporcionan una potencia eficiente con certificaci\u00f3n 80 PLUS Gold a su PC, con un funcionamiento pr\u00e1cticamente silencioso.<\/p>\n","protected":false},"featured_media":244,"comment_status":"open","ping_status":"closed","template":"","meta":{"kt_blocks_editor_width":""},"product_brand":[],"product_cat":[20,12],"product_tag":[],"class_list":{"0":"post-243","1":"product","2":"type-product","3":"status-publish","4":"has-post-thumbnail","6":"product_cat-estabilizadores-y-fuentes","7":"product_cat-partes-para-pc","9":"first","10":"instock","11":"shipping-taxable","12":"purchasable","13":"product-type-simple"},"_links":{"self":[{"href":"https:\/\/www.microxol.com\/index.php?rest_route=\/wp\/v2\/product\/243","targetHints":{"allow":["GET"]}}],"collection":[{"href":"https:\/\/www.microxol.com\/index.php?rest_route=\/wp\/v2\/product"}],"about":[{"href":"https:\/\/www.microxol.com\/index.php?rest_route=\/wp\/v2\/types\/product"}],"replies":[{"embeddable":true,"href":"https:\/\/www.microxol.com\/index.php?rest_route=%2Fwp%2Fv2%2Fcomments&post=243"}],"wp:featuredmedia":[{"embeddable":true,"href":"https:\/\/www.microxol.com\/index.php?rest_route=\/wp\/v2\/media\/244"}],"wp:attachment":[{"href":"https:\/\/www.microxol.com\/index.php?rest_route=%2Fwp%2Fv2%2Fmedia&parent=243"}],"wp:term":[{"taxonomy":"product_brand","embeddable":true,"href":"https:\/\/www.microxol.com\/index.php?rest_route=%2Fwp%2Fv2%2Fproduct_brand&post=243"},{"taxonomy":"product_cat","embeddable":true,"href":"https:\/\/www.microxol.com\/index.php?rest_route=%2Fwp%2Fv2%2Fproduct_cat&post=243"},{"taxonomy":"product_tag","embeddable":true,"href":"https:\/\/www.microxol.com\/index.php?rest_route=%2Fwp%2Fv2%2Fproduct_tag&post=243"}],"curies":[{"name":"wp","href":"https:\/\/api.w.org\/{rel}","templated":true}]}}