{"id":2275,"date":"2017-06-08T15:05:25","date_gmt":"2017-06-08T20:05:25","guid":{"rendered":"https:\/\/www.microxol.com.co\/?post_type=product&#038;p=2275"},"modified":"2025-01-17T16:45:15","modified_gmt":"2025-01-17T21:45:15","slug":"disco-duro-320-ide-para-pc","status":"publish","type":"product","link":"https:\/\/www.microxol.com\/?product=disco-duro-320-ide-para-pc","title":{"rendered":"Disco Duro Interno  Seagate 16TB Exos X16 7200 rpm SATA III"},"content":{"rendered":"<p>La unidad de\u00a0<b>disco duro interna Exos X16 7200 rpm SATA III de 3,5&#8243; de 16 TB<\/b>\u00a0de\u00a0<b>Seagate<\/b>\u00a0es una unidad de gran capacidad y alto rendimiento dise\u00f1ada para el almacenamiento de datos. Es adecuada para estaciones de trabajo de ingenier\u00eda, servidores de red, mainframes, super computadoras y otras tareas exigentes que requieren un funcionamiento las 24 horas del d\u00eda, los 7 d\u00edas de la semana. Esta unidad de 7200 rpm utiliza la interfaz SATA III de 6 Gb\/s para velocidades de transferencia de datos de hasta 261 MB\/s. Adem\u00e1s, como unidad de nivel profesional, tiene una clasificaci\u00f3n de MTBF de 2,5 millones de horas, as\u00ed como Sensores digitales para garantizar un rendimiento \u00f3ptimo.<\/p>\n","protected":false},"excerpt":{"rendered":"<ul class=\"a-unordered-list a-vertical a-spacing-mini\">\n<li style=\"list-style-type: none;\"><\/li>\n<li class=\"listItem_OMS5rN7R1Z\" data-selenium=\"sellingPointsListItem\" data-mce-fragment=\"1\"><span data-mce-fragment=\"1\">Capacidad de almacenamiento de 16 TB.<\/span><\/li>\n<li class=\"listItem_OMS5rN7R1Z\" data-selenium=\"sellingPointsListItem\" data-mce-fragment=\"1\"><span data-mce-fragment=\"1\">Factor de forma de 3,5&#8243;.<\/span><\/li>\n<li class=\"listItem_OMS5rN7R1Z\" data-selenium=\"sellingPointsListItem\" data-mce-fragment=\"1\"><span data-mce-fragment=\"1\">Interfaz SATA III de 6 Gb\/s.<\/span><\/li>\n<li class=\"listItem_OMS5rN7R1Z\" data-selenium=\"sellingPointsListItem\" data-mce-fragment=\"1\"><span data-mce-fragment=\"1\">cach\u00e9 de 256 MB.<\/span><\/li>\n<li class=\"listItem_OMS5rN7R1Z\" data-selenium=\"sellingPointsListItem\" data-mce-fragment=\"1\"><span data-mce-fragment=\"1\">7200rpm.<\/span><\/li>\n<li class=\"listItem_OMS5rN7R1Z\" data-selenium=\"sellingPointsListItem\" data-mce-fragment=\"1\"><span data-mce-fragment=\"1\">Velocidades de transferencia de datos de hasta 261 MB\/s.<\/span><\/li>\n<li class=\"listItem_OMS5rN7R1Z\" data-selenium=\"sellingPointsListItem\" data-mce-fragment=\"1\"><span data-mce-fragment=\"1\">MTBF de 2.500.000 horas.<\/span><\/li>\n<li class=\"listItem_OMS5rN7R1Z\" data-selenium=\"sellingPointsListItem\" data-mce-fragment=\"1\"><span data-mce-fragment=\"1\">8760 horas de encendido por a\u00f1o.<\/span><\/li>\n<li class=\"listItem_OMS5rN7R1Z\" data-selenium=\"sellingPointsListItem\" data-mce-fragment=\"1\"><span data-mce-fragment=\"1\">Tasa de falla anualizada (AFR) del 0,35 %.<\/span><\/li>\n<li><span class=\"a-list-item\">La funci\u00f3n PowerBalance optimiza IOPS\/Watt<\/span>Capacidad de almacenamiento de 16 TB.<\/li>\n<li class=\"a-spacing-mini\"><span class=\"a-list-item\">La potencia y el peso m\u00e1s bajos de la industria para un TCO \u00f3ptimo del centro de datos<\/span><\/li>\n<li class=\"a-spacing-mini\"><\/li>\n<\/ul>\n","protected":false},"featured_media":7976,"comment_status":"closed","ping_status":"closed","template":"","meta":{"kt_blocks_editor_width":""},"product_brand":[],"product_cat":[15,12],"product_tag":[],"class_list":{"0":"post-2275","1":"product","2":"type-product","3":"status-publish","4":"has-post-thumbnail","6":"product_cat-disco-duros-para-pc","7":"product_cat-partes-para-pc","9":"first","10":"instock","11":"shipping-taxable","12":"purchasable","13":"product-type-simple"},"_links":{"self":[{"href":"https:\/\/www.microxol.com\/index.php?rest_route=\/wp\/v2\/product\/2275","targetHints":{"allow":["GET"]}}],"collection":[{"href":"https:\/\/www.microxol.com\/index.php?rest_route=\/wp\/v2\/product"}],"about":[{"href":"https:\/\/www.microxol.com\/index.php?rest_route=\/wp\/v2\/types\/product"}],"replies":[{"embeddable":true,"href":"https:\/\/www.microxol.com\/index.php?rest_route=%2Fwp%2Fv2%2Fcomments&post=2275"}],"wp:featuredmedia":[{"embeddable":true,"href":"https:\/\/www.microxol.com\/index.php?rest_route=\/wp\/v2\/media\/7976"}],"wp:attachment":[{"href":"https:\/\/www.microxol.com\/index.php?rest_route=%2Fwp%2Fv2%2Fmedia&parent=2275"}],"wp:term":[{"taxonomy":"product_brand","embeddable":true,"href":"https:\/\/www.microxol.com\/index.php?rest_route=%2Fwp%2Fv2%2Fproduct_brand&post=2275"},{"taxonomy":"product_cat","embeddable":true,"href":"https:\/\/www.microxol.com\/index.php?rest_route=%2Fwp%2Fv2%2Fproduct_cat&post=2275"},{"taxonomy":"product_tag","embeddable":true,"href":"https:\/\/www.microxol.com\/index.php?rest_route=%2Fwp%2Fv2%2Fproduct_tag&post=2275"}],"curies":[{"name":"wp","href":"https:\/\/api.w.org\/{rel}","templated":true}]}}