{"id":2044,"date":"2017-02-22T11:41:27","date_gmt":"2017-02-22T16:41:27","guid":{"rendered":"https:\/\/www.microxol.com.co\/?post_type=product&#038;p=2044"},"modified":"2025-05-23T16:40:45","modified_gmt":"2025-05-23T21:40:45","slug":"impresora-epson-l380-recarga-continua","status":"publish","type":"product","link":"https:\/\/www.microxol.com\/?product=impresora-epson-l380-recarga-continua","title":{"rendered":"IMPRESORA EPSON MULTIFUNCIONAL ECO TANK  L3210"},"content":{"rendered":"<p>IMPPRESORA MULTIFUNCIONAL EPSON ECOTANK L3210 SISTEMA DE RECARGA CONTINUA ORIGINAL<\/p>\n<p>La Impresora multifuncional 3 en 1 Epson EcoTank L3210 ofrece a las familias, estudiantes y profesionales un costo de impresi\u00f3n ultra bajo, que te permite imprimir hasta 4.500 p\u00e1ginas en negro o 7.500 p\u00e1ginas a color con cada juego de botellas de repuesto. La L3210 ofrece total confiabilidad gracias a la tecnolog\u00eda Heat-Free de Epson, adem\u00e1s de una experiencia de recarga f\u00e1cil, limpia y sin errores con la tecnolog\u00eda EcoFitTM, y un dise\u00f1o de tanque frontal s\u00faper compacto que ocupa poco espacio y permite verificar f\u00e1cilmente los niveles de tinta. Con una garant\u00eda limitada y extendida hasta de 2 a\u00f1os, Epson lo respalda totalmente para que pueda imprimir sin cartuchos y sin preocupaciones.<\/p>\n<h3 class=\"hidden-sm hidden-xs tab-details__title\">Caracter\u00edsticas destacadas<\/h3>\n<ul class=\"tab-details__keyFeatures--list\">\n<li class=\"tab-details__keyFeatures--item\">Tecnolog\u00eda Inyecci\u00f3n de tinta Heat-FreeTM Micro Piezo.<\/li>\n<li class=\"tab-details__keyFeatures--item\">Resoluci\u00f3n M\u00e1xima de Impresi\u00f3n de 5760 x 1440 dpi<\/li>\n<li class=\"tab-details__keyFeatures--item\">Econ\u00f3mica: 100% sin cartuchos ni cabezales que reemplazar<\/li>\n<li class=\"tab-details__keyFeatures--item\">Se integra en su estilo de vida con excelentes prestaciones<\/li>\n<li class=\"tab-details__keyFeatures--item\">Velocidad de Impresi\u00f3n Negro 33 ppm y color 15 ppm<\/li>\n<\/ul>\n","protected":false},"excerpt":{"rendered":"<ul class=\"tab-details__keyFeatures--list\">\n<li class=\"tab-details__keyFeatures--item\">Tecnolog\u00eda Inyecci\u00f3n de tinta Heat-FreeTM Micro Piezo.<\/li>\n<li class=\"tab-details__keyFeatures--item\">Resoluci\u00f3n M\u00e1xima de Impresi\u00f3n de 5760 x 1440 dpi<\/li>\n<li class=\"tab-details__keyFeatures--item\">Econ\u00f3mica: 100% sin cartuchos ni cabezales que reemplazar<\/li>\n<li class=\"tab-details__keyFeatures--item\">Se integra en su estilo de vida con excelentes prestaciones<\/li>\n<li class=\"tab-details__keyFeatures--item\">Velocidad de Impresi\u00f3n Negro 33 ppm y color 15 ppm<\/li>\n<li class=\"tab-details__keyFeatures--item\">Tecnolog\u00eda Inyecci\u00f3n de tinta Heat-FreeTM Micro Piezo.<\/li>\n<li class=\"tab-details__keyFeatures--item\">Resoluci\u00f3n M\u00e1xima de Impresi\u00f3n de 5760 x 1440 dpi<\/li>\n<li class=\"tab-details__keyFeatures--item\">Econ\u00f3mica: 100% sin cartuchos ni cabezales que reemplazar<\/li>\n<li class=\"tab-details__keyFeatures--item\">Se integra en su estilo de vida con excelentes prestaciones<\/li>\n<li class=\"tab-details__keyFeatures--item\">Velocidad de Impresi\u00f3n Negro 33 ppm y color 15 ppm<\/li>\n<\/ul>\n","protected":false},"featured_media":6421,"comment_status":"open","ping_status":"closed","template":"","meta":{"kt_blocks_editor_width":""},"product_brand":[],"product_cat":[93,81,29],"product_tag":[],"class_list":{"0":"post-2044","1":"product","2":"type-product","3":"status-publish","4":"has-post-thumbnail","6":"product_cat-impresoras-de-inyeccion-2","7":"product_cat-impresoras-de-inyeccion","8":"product_cat-impresoras-y-escaneres","10":"first","11":"instock","12":"shipping-taxable","13":"purchasable","14":"product-type-simple"},"_links":{"self":[{"href":"https:\/\/www.microxol.com\/index.php?rest_route=\/wp\/v2\/product\/2044","targetHints":{"allow":["GET"]}}],"collection":[{"href":"https:\/\/www.microxol.com\/index.php?rest_route=\/wp\/v2\/product"}],"about":[{"href":"https:\/\/www.microxol.com\/index.php?rest_route=\/wp\/v2\/types\/product"}],"replies":[{"embeddable":true,"href":"https:\/\/www.microxol.com\/index.php?rest_route=%2Fwp%2Fv2%2Fcomments&post=2044"}],"wp:featuredmedia":[{"embeddable":true,"href":"https:\/\/www.microxol.com\/index.php?rest_route=\/wp\/v2\/media\/6421"}],"wp:attachment":[{"href":"https:\/\/www.microxol.com\/index.php?rest_route=%2Fwp%2Fv2%2Fmedia&parent=2044"}],"wp:term":[{"taxonomy":"product_brand","embeddable":true,"href":"https:\/\/www.microxol.com\/index.php?rest_route=%2Fwp%2Fv2%2Fproduct_brand&post=2044"},{"taxonomy":"product_cat","embeddable":true,"href":"https:\/\/www.microxol.com\/index.php?rest_route=%2Fwp%2Fv2%2Fproduct_cat&post=2044"},{"taxonomy":"product_tag","embeddable":true,"href":"https:\/\/www.microxol.com\/index.php?rest_route=%2Fwp%2Fv2%2Fproduct_tag&post=2044"}],"curies":[{"name":"wp","href":"https:\/\/api.w.org\/{rel}","templated":true}]}}