{"id":2029,"date":"2017-02-16T13:07:30","date_gmt":"2017-02-16T18:07:30","guid":{"rendered":"https:\/\/www.microxol.com.co\/?post_type=product&#038;p=2029"},"modified":"2017-02-16T13:07:30","modified_gmt":"2017-02-16T18:07:30","slug":"bateria-para-portatil-macbook-13-a1185","status":"publish","type":"product","link":"https:\/\/www.microxol.com\/?product=bateria-para-portatil-macbook-13-a1185","title":{"rendered":"Bater\u00eda para port\u00e1til MacBook 13&#8243; A1185"},"content":{"rendered":"<p>Bater\u00eda para port\u00e1til MacBook 13&#8243; A1185<\/p>\n<p>Bater\u00eda MacBook 13 \u00bb A118 JawanTech Voltaje: 10,8V. Capacidad: 5600mAh. Color Blanco. Tipo: Li-ion.<\/p>\n<p>Bater\u00eda para port\u00e1til MacBook 13 \u00bb A1185 JawanTech JAWANTECH suministra bater\u00edas de calidad para port\u00e1tiles de todas las marcas. Producto nuevo de remplazo para las bater\u00edas da\u00f1adas. 100% compatible con el equipo indicado. Protecci\u00f3n del sobrecalentamiento. La bater\u00eda tiene que ser completamente cargada antes de su uso inicial, c\u00e1rguela solamente usando el cargador designado. Por favor, aseg\u00farese de comprobar la compatibilidad con el port\u00e1til antes de ordenar este producto. Garant\u00eda: 1 a\u00f1o. Modelos Compatibles: Apple Macbook 13&#8243; battery A1185 A1181 MA561 MA566 MA472 MA701 MB063<\/p>\n","protected":false},"excerpt":{"rendered":"<p>Bater\u00eda para port\u00e1til MacBook 13&#8243; A1185<br \/>\nBater\u00eda MacBook 13 \u00bb A118 JawanTech Voltaje: 10,8V. Capacidad: 5600mAh. Color Blanco. Tipo: Li-ion.<\/p>\n<p>Bater\u00eda para port\u00e1til MacBook 13 \u00bb A1185 JawanTech JAWANTECH suministra bater\u00edas de calidad para port\u00e1tiles de todas las marcas. Producto nuevo de remplazo para las bater\u00edas da\u00f1adas. 100% compatible con el equipo indicado. Protecci\u00f3n del sobrecalentamiento. La bater\u00eda tiene que ser completamente cargada antes de su uso inicial, c\u00e1rguela solamente usando el cargador designado. Por favor, aseg\u00farese de comprobar la compatibilidad con el port\u00e1til antes de ordenar este producto. Garant\u00eda: 1 a\u00f1o. Modelos Compatibles: Apple Macbook 13&#8243; battery A1185 A1181 MA561 MA566 MA472 MA701 MB063<\/p>\n","protected":false},"featured_media":2030,"comment_status":"open","ping_status":"closed","template":"","meta":{"kt_blocks_editor_width":""},"product_brand":[],"product_cat":[24,13],"product_tag":[],"class_list":{"0":"post-2029","1":"product","2":"type-product","3":"status-publish","4":"has-post-thumbnail","6":"product_cat-baterias","7":"product_cat-partes-para-portatiles","9":"first","10":"instock","11":"shipping-taxable","12":"purchasable","13":"product-type-simple"},"_links":{"self":[{"href":"https:\/\/www.microxol.com\/index.php?rest_route=\/wp\/v2\/product\/2029","targetHints":{"allow":["GET"]}}],"collection":[{"href":"https:\/\/www.microxol.com\/index.php?rest_route=\/wp\/v2\/product"}],"about":[{"href":"https:\/\/www.microxol.com\/index.php?rest_route=\/wp\/v2\/types\/product"}],"replies":[{"embeddable":true,"href":"https:\/\/www.microxol.com\/index.php?rest_route=%2Fwp%2Fv2%2Fcomments&post=2029"}],"wp:featuredmedia":[{"embeddable":true,"href":"https:\/\/www.microxol.com\/index.php?rest_route=\/wp\/v2\/media\/2030"}],"wp:attachment":[{"href":"https:\/\/www.microxol.com\/index.php?rest_route=%2Fwp%2Fv2%2Fmedia&parent=2029"}],"wp:term":[{"taxonomy":"product_brand","embeddable":true,"href":"https:\/\/www.microxol.com\/index.php?rest_route=%2Fwp%2Fv2%2Fproduct_brand&post=2029"},{"taxonomy":"product_cat","embeddable":true,"href":"https:\/\/www.microxol.com\/index.php?rest_route=%2Fwp%2Fv2%2Fproduct_cat&post=2029"},{"taxonomy":"product_tag","embeddable":true,"href":"https:\/\/www.microxol.com\/index.php?rest_route=%2Fwp%2Fv2%2Fproduct_tag&post=2029"}],"curies":[{"name":"wp","href":"https:\/\/api.w.org\/{rel}","templated":true}]}}