{"id":1734,"date":"2016-11-15T10:51:08","date_gmt":"2016-11-15T15:51:08","guid":{"rendered":"https:\/\/www.microxol.com.co\/?post_type=product&#038;p=1734"},"modified":"2023-06-07T16:40:12","modified_gmt":"2023-06-07T21:40:12","slug":"fuente-de-poder-evga-700-80-bronze","status":"publish","type":"product","link":"https:\/\/www.microxol.com\/?product=fuente-de-poder-evga-700-80-bronze","title":{"rendered":"FUENTE  DE PODER CORSAIR RM1000E 80+ GOLD MODULAR"},"content":{"rendered":"<div id=\"socialannex-reviewrating-top\">\n<ul class=\"a-unordered-list a-vertical a-spacing-mini\">\n<li><span class=\"a-list-item\">Fuente de alimentaci\u00f3n totalmente modular: fuente de alimentaci\u00f3n fiable y eficiente de bajo ruido con cableado totalmente modular, por lo que solo tienes que conectar los cables que tu sistema construye necesita.<\/span><\/li>\n<li><span class=\"a-list-item\">Conectores EPS12V duales de 8 pines: para una amplia compatibilidad con tarjetas gr\u00e1ficas modernas y placas base.<\/span><\/li>\n<li><span class=\"a-list-item\">Mantiene el silencio: un ventilador de rodamiento de rifle de 4.724\u00a0in con una curva de ventilador especialmente calculada mantiene el ruido del ventilador bajo, incluso cuando funciona a carga completa.<\/span><\/li>\n<li><span class=\"a-list-item\">Condensadores con clasificaci\u00f3n de 221.0\u00a0\u00b0F: ofrece una potencia estable y fiable y un rendimiento el\u00e9ctrico confiable.<\/span><\/li>\n<li><span class=\"a-list-item\">Moderno compatible con espera: tiempos de encendido extremadamente r\u00e1pidos y mejor eficiencia de baja carga.<\/span><\/li>\n<\/ul>\n<\/div>\n<div class=\"original-price\"><\/div>\n<p>&nbsp;<\/p>\n<p>&nbsp;<\/p>\n","protected":false},"excerpt":{"rendered":"<h4>TECNOLOG\u00cdA Y FIABILIDAD<\/h4>\n<p>Para lograr un rendimiento el\u00e9ctrico excelente y una alimentaci\u00f3n constante y fiable, cada fuente de alimentaci\u00f3n RMe Series<br \/>\nincluye la robusta topolog\u00eda LLC con conversi\u00f3n CC-CC, as\u00ed como condensadores de categor\u00eda industrial con especificaci\u00f3n 105\u00a0\u00b0C.<\/p>\n<p>Con una coordinaci\u00f3n precisa, RMx es compatible con Microsoft Modern Standby que garantiza unos<br \/>\ntiempos de activaci\u00f3n extremadamente r\u00e1pidos y una mejor eficiencia con cargas bajas.<\/p>\n","protected":false},"featured_media":7458,"comment_status":"open","ping_status":"closed","template":"","meta":{"kt_blocks_editor_width":""},"product_brand":[],"product_cat":[20,12],"product_tag":[],"class_list":{"0":"post-1734","1":"product","2":"type-product","3":"status-publish","4":"has-post-thumbnail","6":"product_cat-estabilizadores-y-fuentes","7":"product_cat-partes-para-pc","9":"first","10":"instock","11":"shipping-taxable","12":"purchasable","13":"product-type-simple"},"_links":{"self":[{"href":"https:\/\/www.microxol.com\/index.php?rest_route=\/wp\/v2\/product\/1734","targetHints":{"allow":["GET"]}}],"collection":[{"href":"https:\/\/www.microxol.com\/index.php?rest_route=\/wp\/v2\/product"}],"about":[{"href":"https:\/\/www.microxol.com\/index.php?rest_route=\/wp\/v2\/types\/product"}],"replies":[{"embeddable":true,"href":"https:\/\/www.microxol.com\/index.php?rest_route=%2Fwp%2Fv2%2Fcomments&post=1734"}],"wp:featuredmedia":[{"embeddable":true,"href":"https:\/\/www.microxol.com\/index.php?rest_route=\/wp\/v2\/media\/7458"}],"wp:attachment":[{"href":"https:\/\/www.microxol.com\/index.php?rest_route=%2Fwp%2Fv2%2Fmedia&parent=1734"}],"wp:term":[{"taxonomy":"product_brand","embeddable":true,"href":"https:\/\/www.microxol.com\/index.php?rest_route=%2Fwp%2Fv2%2Fproduct_brand&post=1734"},{"taxonomy":"product_cat","embeddable":true,"href":"https:\/\/www.microxol.com\/index.php?rest_route=%2Fwp%2Fv2%2Fproduct_cat&post=1734"},{"taxonomy":"product_tag","embeddable":true,"href":"https:\/\/www.microxol.com\/index.php?rest_route=%2Fwp%2Fv2%2Fproduct_tag&post=1734"}],"curies":[{"name":"wp","href":"https:\/\/api.w.org\/{rel}","templated":true}]}}