{"id":1082,"date":"2016-09-02T18:42:18","date_gmt":"2016-09-02T23:42:18","guid":{"rendered":"https:\/\/www.microxol.com.co\/nuevo\/?post_type=product&#038;p=1082"},"modified":"2021-07-15T15:46:23","modified_gmt":"2021-07-15T20:46:23","slug":"mic-aud-hs-i220-blanco-genius","status":"publish","type":"product","link":"https:\/\/www.microxol.com\/?product=mic-aud-hs-i220-blanco-genius","title":{"rendered":"MIC AUD HS-I220 BLANCO GENIUS"},"content":{"rendered":"<p><span class=\"goog-text-highlight\">El HS-i220 de Genius cuenta con un mando a distancia inteligente de tres botones con un micr\u00f3fono omnidireccional. <\/span>El control remoto en l\u00ednea \/ micr\u00f3fono le da un control completo de sus llamadas y la m\u00fasica. Se puede ajustar el volumen, controlar la reproducci\u00f3n de m\u00fasica y v\u00eddeo, o responder a las llamadas de su iPhone 3GS y iPhone 4 m\u00e1s f\u00e1cil. El controlador din\u00e1mico de alta definici\u00f3n 9mm crea un sonido claro y bajo perfecto. El dise\u00f1o del canal del o\u00eddo reduce el ruido exterior y permite profunda bajos s\u00f3lidos para la \u00faltima experiencia de audio. El mando a distancia es ligero y duradero, perfecto para su estilo de vida m\u00f3vil. \u00a0\u00a0Con el control remoto de tres botones integrado, tiene un control completo a su alcance.<\/p>\n","protected":false},"excerpt":{"rendered":"<h3><span class=\"goog-text-highlight\">Aislamiento de ruido de auriculares para Apple<\/span><\/h3>\n<h4>HS-i220<\/h4>\n<ul>\n<li>Control remoto con micr\u00f3fono le permiten ajustar el volumen, controlar musiccyour m\u00fasica y contestar llamadas<\/li>\n<li>Tres almohadillas de goma intercambiables se adaptan a todas las orejas<\/li>\n<li>Conector de 3,5 mm chapado en oro<\/li>\n<li>De dise\u00f1o ergon\u00f3mico reduce el ruido de fondo.<\/li>\n<\/ul>\n","protected":false},"featured_media":1083,"comment_status":"open","ping_status":"closed","template":"","meta":{"kt_blocks_editor_width":""},"product_brand":[],"product_cat":[11,67],"product_tag":[],"class_list":{"0":"post-1082","1":"product","2":"type-product","3":"status-publish","4":"has-post-thumbnail","6":"product_cat-accesorios","7":"product_cat-diadema","9":"first","10":"instock","11":"shipping-taxable","12":"purchasable","13":"product-type-simple"},"_links":{"self":[{"href":"https:\/\/www.microxol.com\/index.php?rest_route=\/wp\/v2\/product\/1082","targetHints":{"allow":["GET"]}}],"collection":[{"href":"https:\/\/www.microxol.com\/index.php?rest_route=\/wp\/v2\/product"}],"about":[{"href":"https:\/\/www.microxol.com\/index.php?rest_route=\/wp\/v2\/types\/product"}],"replies":[{"embeddable":true,"href":"https:\/\/www.microxol.com\/index.php?rest_route=%2Fwp%2Fv2%2Fcomments&post=1082"}],"wp:featuredmedia":[{"embeddable":true,"href":"https:\/\/www.microxol.com\/index.php?rest_route=\/wp\/v2\/media\/1083"}],"wp:attachment":[{"href":"https:\/\/www.microxol.com\/index.php?rest_route=%2Fwp%2Fv2%2Fmedia&parent=1082"}],"wp:term":[{"taxonomy":"product_brand","embeddable":true,"href":"https:\/\/www.microxol.com\/index.php?rest_route=%2Fwp%2Fv2%2Fproduct_brand&post=1082"},{"taxonomy":"product_cat","embeddable":true,"href":"https:\/\/www.microxol.com\/index.php?rest_route=%2Fwp%2Fv2%2Fproduct_cat&post=1082"},{"taxonomy":"product_tag","embeddable":true,"href":"https:\/\/www.microxol.com\/index.php?rest_route=%2Fwp%2Fv2%2Fproduct_tag&post=1082"}],"curies":[{"name":"wp","href":"https:\/\/api.w.org\/{rel}","templated":true}]}}