{"id":1071,"date":"2016-08-31T11:54:11","date_gmt":"2016-08-31T16:54:11","guid":{"rendered":"https:\/\/www.microxol.com.co\/nuevo\/?post_type=product&#038;p=1071"},"modified":"2025-05-05T16:24:17","modified_gmt":"2025-05-05T21:24:17","slug":"combo-microsoft-800-inalambrico","status":"publish","type":"product","link":"https:\/\/www.microxol.com\/?product=combo-microsoft-800-inalambrico","title":{"rendered":"Teclado Y Mouse Inalambrico LOGITECH  Mk220 COMBO"},"content":{"rendered":"<h5 class=\"ui-pdp-title\">DETALLES T\u00c9CNICOS<br \/>\n&#8211; Escritura c\u00f3moda<br \/>\n&#8211; Uso agradable y silencioso<br \/>\n&#8211; Dise\u00f1o resistente a salpicaduras<br \/>\n&#8211; Mouse \u00f3ptico preciso de alta definici\u00f3n.<br \/>\n&#8211; Seguimiento \u00f3ptico de alta definici\u00f3n(1000 dpi).<br \/>\n&#8211; Teclado num\u00e9rico y tecla \u00d1<br \/>\n&#8211; &#8211; Teclas f\u00e1ciles de leer<br \/>\n&#8211; Patas ajustables y robustas<br \/>\n&#8211; Calidad y fiabilidad de logitech<br \/>\n&#8211; Barra espaciadora curvada<\/h5>\n<p>DIMENSIONES<br \/>\n45,4 x 5,1 x 12,4 cm<br \/>\nPeso del producto 662 g<br \/>\nCONTENIDO DE LA CAJA<br \/>\nTeclado<br \/>\nRat\u00f3n<br \/>\nDocumentaci\u00f3n del usuario<br \/>\nReceptor USB<br \/>\nDos pilas AAA (teclado) y dos pilas AA (rat\u00f3n)<\/p>\n<p>PRODUCTO : NUEVO<\/p>\n<p>GARANTIA : 12 MESES<\/p>\n<p>&nbsp;<\/p>\n<p><i><em><strong>Consulta por disponibilidad a tu Asesor!!!<\/strong><\/em><\/i><\/p>\n<h4><strong><em>\u00bfNecesitas ayuda? Escribenos Ahora Mismo!<\/em><br \/>\n<em>Email:<\/em><\/strong>\u00a0microxol@hotmail.com<br \/>\n<em><strong>WhatsApp:<\/strong><\/em>\u00a03115229464<\/h4>\n<p>&nbsp;<\/p>\n<h5 class=\"ui-pdp-title\"><\/h5>\n","protected":false},"excerpt":{"rendered":"<h5>COMBO TECLADO Y MOUSE LOGITECH MK220 &#8211; INALAMBRICO &#8211; NEGRO<\/h5>\n<h5 class=\"ui-pdp-title\">Teclado en espa\u00f1ol (tecla \u00d1)<br \/>\nDisfruta de teclas planas que apenas hacen ruido y un dise\u00f1o est\u00e1ndar con teclas F y teclado num\u00e9rico de tama\u00f1o normal. El teclado cuenta con un dise\u00f1o resistente a salpicaduras y s\u00f3lidas patas ajustables y teclas duraderas.<br \/>\nisfrutar\u00e1 de un control preciso y uniforme del cursor gracias al seguimiento \u00f3ptico de alta definici\u00f3n (1000 dpi) del mouse \u00f3ptico.<\/h5>\n<p>Disfrute la libertad y conveniencia que ofrece la tecnolog\u00eda inal\u00e1mbrica. Despl\u00e1cese sin problemas hasta una distancia de hasta 15 pies desde donde se ubica su PC sin perder la conexi\u00f3n inal\u00e1mbrica. Tambi\u00e9n puede disponer del mouse por separado para utilizarlo con un equipo port\u00e1til mientras viaja.<\/p>\n","protected":false},"featured_media":9006,"comment_status":"open","ping_status":"closed","template":"","meta":{"kt_blocks_editor_width":""},"product_brand":[],"product_cat":[11,30],"product_tag":[],"class_list":{"0":"post-1071","1":"product","2":"type-product","3":"status-publish","4":"has-post-thumbnail","6":"product_cat-accesorios","7":"product_cat-teclados-accesorios","9":"first","10":"instock","11":"shipping-taxable","12":"purchasable","13":"product-type-simple"},"_links":{"self":[{"href":"https:\/\/www.microxol.com\/index.php?rest_route=\/wp\/v2\/product\/1071","targetHints":{"allow":["GET"]}}],"collection":[{"href":"https:\/\/www.microxol.com\/index.php?rest_route=\/wp\/v2\/product"}],"about":[{"href":"https:\/\/www.microxol.com\/index.php?rest_route=\/wp\/v2\/types\/product"}],"replies":[{"embeddable":true,"href":"https:\/\/www.microxol.com\/index.php?rest_route=%2Fwp%2Fv2%2Fcomments&post=1071"}],"wp:featuredmedia":[{"embeddable":true,"href":"https:\/\/www.microxol.com\/index.php?rest_route=\/wp\/v2\/media\/9006"}],"wp:attachment":[{"href":"https:\/\/www.microxol.com\/index.php?rest_route=%2Fwp%2Fv2%2Fmedia&parent=1071"}],"wp:term":[{"taxonomy":"product_brand","embeddable":true,"href":"https:\/\/www.microxol.com\/index.php?rest_route=%2Fwp%2Fv2%2Fproduct_brand&post=1071"},{"taxonomy":"product_cat","embeddable":true,"href":"https:\/\/www.microxol.com\/index.php?rest_route=%2Fwp%2Fv2%2Fproduct_cat&post=1071"},{"taxonomy":"product_tag","embeddable":true,"href":"https:\/\/www.microxol.com\/index.php?rest_route=%2Fwp%2Fv2%2Fproduct_tag&post=1071"}],"curies":[{"name":"wp","href":"https:\/\/api.w.org\/{rel}","templated":true}]}}