{"id":1068,"date":"2016-08-31T11:24:56","date_gmt":"2016-08-31T16:24:56","guid":{"rendered":"https:\/\/www.microxol.com.co\/nuevo\/?post_type=product&#038;p=1068"},"modified":"2025-05-05T16:34:25","modified_gmt":"2025-05-05T21:34:25","slug":"combo-inalambrico-logitech-mk270","status":"publish","type":"product","link":"https:\/\/www.microxol.com\/?product=combo-inalambrico-logitech-mk270","title":{"rendered":"TECLADO Y MOUSE  INALAMBRICO LOGITECH MK345"},"content":{"rendered":"<p>COMBO TECLADO Y MOUSE LOGITECH MK345 &#8211; INALAMBRICO &#8211; NEGRO<\/p>\n<div class=\"pangea-cmp body-copy js-pangea-body-copy aem-margin-options font-size-normal font-brown-light dc-kohle tc-kohle mc-kohle\" data-aem-id=\"text_editable-id0d8695d005e8a25236b4e34b6ef91a9\" data-align-desktop=\"center\" data-align-tablet=\"center\" data-align-mobile=\"center\">\n<div class=\"aem-content-ctn no-container\">\n<div class=\"aem-padding-options \" data-aem-id=\"text_editable-id0d8695d005e8a25236b4e34b6ef91a9-padding-options\">\n<div class=\"content-ctn rte-field text-width-normal\">\n<h4 class=\"body-copy-title font-title-m font-brown-bold \">COMBINACI\u00d3N INAL\u00c1MBRICA, CONFORT MEJORADO<\/h4>\n<p>Te presentamos la combinaci\u00f3n inal\u00e1mbrica de tama\u00f1o normal con confort mejorado y bater\u00edas que duran meses. Un mouse contorneado para usar con la mano derecha y un teclado de tama\u00f1o normal con reposamanos incluido te permiten realizar todo tipo de tareas confortablemente durante toda la jornada.<\/p>\n<\/div>\n<\/div>\n<\/div>\n<\/div>\n<div class=\"pangea-cmp pangea-image aem-margin-options \" data-aem-id=\"image_editable-ib7b8f9e28b78487a16e9236ccc6306c8\">\n<div class=\"aem-content-ctn no-container\">\n<div class=\"aem-padding-options tpts mpts\" data-aem-id=\"image_editable-ib7b8f9e28b78487a16e9236ccc6306c8-padding-options\"><picture class=\"pangea-cmp responsive-img js-pangea-responsive-img pangea-inited\" data-visible-desktop=\"true\" data-visible-tablet=\"true\" data-visible-mobile=\"true\" data-align-desktop=\"center\" data-align-tablet=\"center\" data-align-mobile=\"center\" data-full-width-desktop=\"false\" data-full-width-tablet=\"true\" data-full-width-mobile=\"true\"><source srcset=\"https:\/\/resource.logitech.com\/w_1001,c_limit,q_auto,f_auto,dpr_1.0\/d_transparent.gif\/content\/dam\/logitech\/en\/products\/combos\/mk345\/mk345-intro.png?v=1 1x, https:\/\/resource.logitech.com\/w_1001,c_limit,q_auto,f_auto,dpr_2.0\/d_transparent.gif\/content\/dam\/logitech\/en\/products\/combos\/mk345\/mk345-intro.png?v=1 2x\" media=\"(min-width: 1025px)\" \/><source srcset=\"https:\/\/resource.logitech.com\/w_1024,h_1366,c_limit,q_auto,f_auto,dpr_1.0\/d_transparent.gif\/content\/dam\/logitech\/en\/products\/combos\/mk345\/mk345-intro.png?v=1\" media=\"(min-width: 720px)\" \/><source srcset=\"https:\/\/resource.logitech.com\/w_420,h_1024,c_limit,q_auto,f_auto,dpr_1.0\/d_transparent.gif\/content\/dam\/logitech\/en\/products\/combos\/mk345\/mk345-intro.png?v=1\" media=\"(max-width: 719px)\" \/><\/picture><\/div>\n<\/div>\n<\/div>\n<h4 class=\"body-copy-title font-title-m font-brown-bold \">CONFORT EXTRA, CON TAMA\u00d1O NORMAL<\/h4>\n<p>Escritura confortable y silenciosa en un teclado con una distribuci\u00f3n habitual y tama\u00f1o normal, un amplio reposamanos, altura ajustable y f\u00e1cil acceso a teclas multimedia como las de silenciamiento, volumen y reproducci\u00f3n. El teclado num\u00e9rico es ideal para ingresar datos, realizar c\u00e1lculos y navegar, para una mayor productividad, en casa o en la oficina.<\/p>\n<h4 class=\"h3 \">MOUSE PARA CONFORT PROLONGADO<\/h4>\n<p>El mouse contorneado para la mano derecha te permite trabajar confortablemente todo el d\u00eda, con un recubrimiento de goma curvado que se adapta con naturalidad a tu mano. El fluido control del cursor y el preciso desplazamiento l\u00ednea a l\u00ednea a\u00f1aden confort a la experiencia de navegaci\u00f3n.<\/p>\n<div class=\"cta-container\">\n<div class=\"pangea-cmp ctas-ctn js-pangea-ctas-ctn aem-margin-options accent-color-kohle pangea-inited\" data-layout-desktop=\"inline\" data-layout-tablet=\"inline\" data-match-widths=\"false\" data-display-inline=\"true\" data-aem-id=\"cta-i31f06e1e30e5382fba28ebbddeeaf5b9-cta\">\n<div class=\"aem-content-ctn \">\n<div class=\"aem-padding-options \" data-aem-id=\"cta-i31f06e1e30e5382fba28ebbddeeaf5b9-cta-padding-options\"><\/div>\n<\/div>\n<\/div>\n<\/div>\n","protected":false},"excerpt":{"rendered":"<h4 class=\"body-copy-title font-title-m font-brown-bold \">CONFORT EXTRA, CON TAMA\u00d1O NORMAL<\/h4>\n<p>Escritura confortable y silenciosa en un teclado con una distribuci\u00f3n habitual y tama\u00f1o normal, un amplio reposamanos, altura ajustable y f\u00e1cil acceso a teclas multimedia como las de silenciamiento, volumen y reproducci\u00f3n. El teclado num\u00e9rico es ideal para ingresar datos, realizar c\u00e1lculos y navegar, para una mayor productividad, en casa o en la oficina.<\/p>\n","protected":false},"featured_media":7028,"comment_status":"open","ping_status":"closed","template":"","meta":{"kt_blocks_editor_width":""},"product_brand":[],"product_cat":[11,30],"product_tag":[],"class_list":{"0":"post-1068","1":"product","2":"type-product","3":"status-publish","4":"has-post-thumbnail","6":"product_cat-accesorios","7":"product_cat-teclados-accesorios","9":"first","10":"instock","11":"shipping-taxable","12":"purchasable","13":"product-type-simple"},"_links":{"self":[{"href":"https:\/\/www.microxol.com\/index.php?rest_route=\/wp\/v2\/product\/1068","targetHints":{"allow":["GET"]}}],"collection":[{"href":"https:\/\/www.microxol.com\/index.php?rest_route=\/wp\/v2\/product"}],"about":[{"href":"https:\/\/www.microxol.com\/index.php?rest_route=\/wp\/v2\/types\/product"}],"replies":[{"embeddable":true,"href":"https:\/\/www.microxol.com\/index.php?rest_route=%2Fwp%2Fv2%2Fcomments&post=1068"}],"wp:featuredmedia":[{"embeddable":true,"href":"https:\/\/www.microxol.com\/index.php?rest_route=\/wp\/v2\/media\/7028"}],"wp:attachment":[{"href":"https:\/\/www.microxol.com\/index.php?rest_route=%2Fwp%2Fv2%2Fmedia&parent=1068"}],"wp:term":[{"taxonomy":"product_brand","embeddable":true,"href":"https:\/\/www.microxol.com\/index.php?rest_route=%2Fwp%2Fv2%2Fproduct_brand&post=1068"},{"taxonomy":"product_cat","embeddable":true,"href":"https:\/\/www.microxol.com\/index.php?rest_route=%2Fwp%2Fv2%2Fproduct_cat&post=1068"},{"taxonomy":"product_tag","embeddable":true,"href":"https:\/\/www.microxol.com\/index.php?rest_route=%2Fwp%2Fv2%2Fproduct_tag&post=1068"}],"curies":[{"name":"wp","href":"https:\/\/api.w.org\/{rel}","templated":true}]}}