{"id":1038,"date":"2016-08-29T11:51:42","date_gmt":"2016-08-29T16:51:42","guid":{"rendered":"https:\/\/www.microxol.com.co\/nuevo\/?post_type=product&#038;p=1038"},"modified":"2016-08-29T11:51:42","modified_gmt":"2016-08-29T16:51:42","slug":"mouse-micro-trav-v2-usb","status":"publish","type":"product","link":"https:\/\/www.microxol.com\/?product=mouse-micro-trav-v2-usb","title":{"rendered":"MOUSE MICRO TRAV V2 USB"},"content":{"rendered":"<h4>Rat\u00f3n s\u00faper mini para port\u00e1tiles<\/h4>\n<div id=\"1\">\n<h6>Aenga y pruebe el rat\u00f3n \u00f3ptico de mayor movilidad y con tama\u00f1o s\u00faper mini para port\u00e1tiles de Genius~ Micro Traveler.<\/h6>\n<p>Micro Traveler, que cuenta con un avanzado sensor \u00f3ptico de 1200 dpi, brinda un rendimiento de rastreo incre\u00edblemente suave para el movimiento del cursor que le permite navegar por documentos o p\u00e1ginas web de forma m\u00e1s eficaz. Adem\u00e1s, su tama\u00f1o s\u00faper mini de 74 mm con cable retr\u00e1ctil muy f\u00e1cil de guardar y dise\u00f1o ligero para utilizar con cualquier mini port\u00e1til es definitivamente m\u00e1s c\u00f3modo que el panel t\u00e1ctil del port\u00e1til.<\/p>\n<p>Si lo que busca es un rat\u00f3n para port\u00e1tiles que le aporte gran movilidad, no encontrar\u00e1 nada mejor que el Micro Traveler. Consulte a su representante ya para m\u00e1s informaci\u00f3n.<\/p>\n<\/div>\n","protected":false},"excerpt":{"rendered":"<h4>Micro Traveler<\/h4>\n<ul>\n<li>Rat\u00f3n para port\u00e1tiles de tama\u00f1o s\u00faper mini con cable retr\u00e1ctil<\/li>\n<li>Interfaz USB plug and play muy f\u00e1cil de conectar<\/li>\n<li>Gran portabilidad y mayor comodidad que el panel t\u00e1ctil de un port\u00e1til<\/li>\n<li>Control de precisi\u00f3n avanzado con motor \u00f3ptico de 1200 dpi<\/li>\n<\/ul>\n","protected":false},"featured_media":1039,"comment_status":"open","ping_status":"closed","template":"","meta":{"kt_blocks_editor_width":""},"product_brand":[],"product_cat":[11,31],"product_tag":[],"class_list":{"0":"post-1038","1":"product","2":"type-product","3":"status-publish","4":"has-post-thumbnail","6":"product_cat-accesorios","7":"product_cat-mouse","9":"first","10":"instock","11":"shipping-taxable","12":"purchasable","13":"product-type-simple"},"_links":{"self":[{"href":"https:\/\/www.microxol.com\/index.php?rest_route=\/wp\/v2\/product\/1038","targetHints":{"allow":["GET"]}}],"collection":[{"href":"https:\/\/www.microxol.com\/index.php?rest_route=\/wp\/v2\/product"}],"about":[{"href":"https:\/\/www.microxol.com\/index.php?rest_route=\/wp\/v2\/types\/product"}],"replies":[{"embeddable":true,"href":"https:\/\/www.microxol.com\/index.php?rest_route=%2Fwp%2Fv2%2Fcomments&post=1038"}],"wp:featuredmedia":[{"embeddable":true,"href":"https:\/\/www.microxol.com\/index.php?rest_route=\/wp\/v2\/media\/1039"}],"wp:attachment":[{"href":"https:\/\/www.microxol.com\/index.php?rest_route=%2Fwp%2Fv2%2Fmedia&parent=1038"}],"wp:term":[{"taxonomy":"product_brand","embeddable":true,"href":"https:\/\/www.microxol.com\/index.php?rest_route=%2Fwp%2Fv2%2Fproduct_brand&post=1038"},{"taxonomy":"product_cat","embeddable":true,"href":"https:\/\/www.microxol.com\/index.php?rest_route=%2Fwp%2Fv2%2Fproduct_cat&post=1038"},{"taxonomy":"product_tag","embeddable":true,"href":"https:\/\/www.microxol.com\/index.php?rest_route=%2Fwp%2Fv2%2Fproduct_tag&post=1038"}],"curies":[{"name":"wp","href":"https:\/\/api.w.org\/{rel}","templated":true}]}}